{"id":1383,"date":"2026-01-23T13:59:39","date_gmt":"2026-01-23T13:59:39","guid":{"rendered":"https:\/\/damet-edu.eu\/socios\/lycee-la-fayette\/"},"modified":"2026-02-02T14:00:59","modified_gmt":"2026-02-02T14:00:59","slug":"lycee-la-fayette","status":"publish","type":"page","link":"https:\/\/damet-edu.eu\/es\/socios\/lycee-la-fayette\/","title":{"rendered":"Lyc\u00e9e La Fayette"},"content":{"rendered":"\t\t<div data-elementor-type=\"wp-page\" data-elementor-id=\"1383\" class=\"elementor elementor-1383 elementor-451\" data-elementor-post-type=\"page\">\n\t\t\t\t<div class=\"elementor-element elementor-element-81b1023 e-flex e-con-boxed e-con e-parent\" data-id=\"81b1023\" data-element_type=\"container\" data-e-type=\"container\" data-settings=\"{&quot;shape_divider_bottom&quot;:&quot;tilt&quot;}\">\n\t\t\t\t\t<div class=\"e-con-inner\">\n\t\t\t\t<div class=\"elementor-shape elementor-shape-bottom\" aria-hidden=\"true\" data-negative=\"false\">\n\t\t\t<svg xmlns=\"http:\/\/www.w3.org\/2000\/svg\" viewBox=\"0 0 1000 100\" preserveAspectRatio=\"none\">\n\t<path class=\"elementor-shape-fill\" d=\"M0,6V0h1000v100L0,6z\"\/>\n<\/svg>\t\t<\/div>\n\t\t<div class=\"elementor-element elementor-element-3e82163 e-con-full e-flex e-con e-child\" data-id=\"3e82163\" data-element_type=\"container\" data-e-type=\"container\" data-settings=\"{&quot;background_background&quot;:&quot;classic&quot;}\">\n\t\t\t\t<div class=\"elementor-element elementor-element-47ef33f elementor-widget elementor-widget-image\" data-id=\"47ef33f\" data-element_type=\"widget\" data-e-type=\"widget\" data-widget_type=\"image.default\">\n\t\t\t\t<div class=\"elementor-widget-container\">\n\t\t\t\t\t\t\t\t\t\t\t\t\t\t\t<img fetchpriority=\"high\" decoding=\"async\" width=\"600\" height=\"400\" src=\"https:\/\/damet-edu.eu\/wp-content\/uploads\/2025\/12\/creta_logo_color-1.png\" class=\"attachment-large size-large wp-image-1239\" alt=\"\" srcset=\"https:\/\/damet-edu.eu\/wp-content\/uploads\/2025\/12\/creta_logo_color-1.png 600w, https:\/\/damet-edu.eu\/wp-content\/uploads\/2025\/12\/creta_logo_color-1-300x200.png 300w\" sizes=\"(max-width: 600px) 100vw, 600px\" \/>\t\t\t\t\t\t\t\t\t\t\t\t\t\t\t<\/div>\n\t\t\t\t<\/div>\n\t\t\t\t<\/div>\n\t\t\t\t\t<\/div>\n\t\t\t\t<\/div>\n\t\t<div class=\"elementor-element elementor-element-9d84d7b e-flex e-con-boxed e-con e-parent\" data-id=\"9d84d7b\" data-element_type=\"container\" data-e-type=\"container\" data-settings=\"{&quot;background_background&quot;:&quot;classic&quot;}\">\n\t\t\t\t\t<div class=\"e-con-inner\">\n\t\t\t\t<div class=\"elementor-element elementor-element-282a5b6 elementor-widget elementor-widget-heading\" data-id=\"282a5b6\" data-element_type=\"widget\" data-e-type=\"widget\" data-widget_type=\"heading.default\">\n\t\t\t\t<div class=\"elementor-widget-container\">\n\t\t\t\t\t<h3 class=\"elementor-heading-title elementor-size-default\">Lyc\u00e9e La Fayette \u2013 Greta Auvergne | Francia<\/h3>\t\t\t\t<\/div>\n\t\t\t\t<\/div>\n\t\t\t\t<div class=\"elementor-element elementor-element-9cbc585 elementor-widget elementor-widget-text-editor\" data-id=\"9cbc585\" data-element_type=\"widget\" data-e-type=\"widget\" data-widget_type=\"text-editor.default\">\n\t\t\t\t<div class=\"elementor-widget-container\">\n\t\t\t\t\t\t\t\t\t<p>Greta Auvergne es una asociaci\u00f3n de 72 centros de ense\u00f1anza secundaria p\u00fablica de la antigua regi\u00f3n de Auvernia que a\u00fanan sus competencias y recursos para ofrecer oportunidades de aprendizaje permanente a los adultos. Aprovecha las instalaciones y los recursos humanos de estas instituciones para desarrollar programas de formaci\u00f3n adaptados a la econom\u00eda local. Est\u00e1 gestionada bajo los auspicios del Ministerio de Educaci\u00f3n Nacional por el Lyc\u00e9e Lafayette de Clermont-Ferrand. Greta ofrece una amplia gama de cursos de formaci\u00f3n disponibles en Francia para aprendices, empleados, demandantes de empleo y ciudadanos, que los preparan para obtener diplomas nacionales, niveles CEC 3 a 5 (y 6 en colaboraci\u00f3n con universidades), o para desarrollar competencias espec\u00edficas (adaptaci\u00f3n al lugar de trabajo, idiomas, etc.). Cuenta con m\u00e1s de 200 formadores permanentes y 1000 aut\u00f3nomos, y ofrece alrededor de 1 000 000 de horas de formaci\u00f3n al a\u00f1o. En 2023, 450 cursos de formaci\u00f3n diferentes acogieron a 5300 personas. Greta Auvergne cuenta con su propio departamento de Consultor\u00eda, Investigaci\u00f3n e Innovaci\u00f3n, responsable de gestionar las actividades europeas, ubicado en Le Puy-en-Velay.<\/p>\n\t\t\t\t\t\t\t\t<\/div>\n\t\t\t\t<\/div>\n\t\t<div class=\"elementor-element elementor-element-7834559 e-con-full e-flex e-con e-child\" data-id=\"7834559\" data-element_type=\"container\" data-e-type=\"container\">\n\t\t\t\t<div class=\"elementor-element elementor-element-163753e elementor-icon-list--layout-traditional elementor-list-item-link-full_width elementor-widget elementor-widget-icon-list\" data-id=\"163753e\" data-element_type=\"widget\" data-e-type=\"widget\" data-widget_type=\"icon-list.default\">\n\t\t\t\t<div class=\"elementor-widget-container\">\n\t\t\t\t\t\t\t<ul class=\"elementor-icon-list-items\">\n\t\t\t\t\t\t\t<li class=\"elementor-icon-list-item\">\n\t\t\t\t\t\t\t\t\t\t\t<a href=\"https:\/\/conseil-recherche-innovation.net\/\" target=\"_blank\" rel=\"noopener\">\n\n\t\t\t\t\t\t\t\t\t\t\t\t<span class=\"elementor-icon-list-icon\">\n\t\t\t\t\t\t\t<i aria-hidden=\"true\" class=\"fas fa-globe\"><\/i>\t\t\t\t\t\t<\/span>\n\t\t\t\t\t\t\t\t\t\t<span class=\"elementor-icon-list-text\">sitio web<\/span>\n\t\t\t\t\t\t\t\t\t\t\t<\/a>\n\t\t\t\t\t\t\t\t\t<\/li>\n\t\t\t\t\t\t<\/ul>\n\t\t\t\t\t\t<\/div>\n\t\t\t\t<\/div>\n\t\t\t\t<div class=\"elementor-element elementor-element-147df53 elementor-icon-list--layout-traditional elementor-list-item-link-full_width elementor-widget elementor-widget-icon-list\" data-id=\"147df53\" data-element_type=\"widget\" data-e-type=\"widget\" data-widget_type=\"icon-list.default\">\n\t\t\t\t<div class=\"elementor-widget-container\">\n\t\t\t\t\t\t\t<ul class=\"elementor-icon-list-items\">\n\t\t\t\t\t\t\t<li class=\"elementor-icon-list-item\">\n\t\t\t\t\t\t\t\t\t\t\t<a href=\"https:\/\/www.youtube.com\/@lyceelafayette77430\" target=\"_blank\" rel=\"noopener\">\n\n\t\t\t\t\t\t\t\t\t\t\t\t<span class=\"elementor-icon-list-icon\">\n\t\t\t\t\t\t\t<i aria-hidden=\"true\" class=\"fab fa-youtube\"><\/i>\t\t\t\t\t\t<\/span>\n\t\t\t\t\t\t\t\t\t\t<span class=\"elementor-icon-list-text\">youtube<\/span>\n\t\t\t\t\t\t\t\t\t\t\t<\/a>\n\t\t\t\t\t\t\t\t\t<\/li>\n\t\t\t\t\t\t<\/ul>\n\t\t\t\t\t\t<\/div>\n\t\t\t\t<\/div>\n\t\t\t\t<\/div>\n\t\t\t\t<div class=\"elementor-element elementor-element-37f6fe3 elementor-widget elementor-widget-spacer\" data-id=\"37f6fe3\" data-element_type=\"widget\" data-e-type=\"widget\" data-widget_type=\"spacer.default\">\n\t\t\t\t<div class=\"elementor-widget-container\">\n\t\t\t\t\t\t\t<div class=\"elementor-spacer\">\n\t\t\t<div class=\"elementor-spacer-inner\"><\/div>\n\t\t<\/div>\n\t\t\t\t\t\t<\/div>\n\t\t\t\t<\/div>\n\t\t\t\t<div class=\"elementor-element elementor-element-8f7ebd5 elementor-widget elementor-widget-heading\" data-id=\"8f7ebd5\" data-element_type=\"widget\" data-e-type=\"widget\" data-widget_type=\"heading.default\">\n\t\t\t\t<div class=\"elementor-widget-container\">\n\t\t\t\t\t<h4 class=\"elementor-heading-title elementor-size-default\">Los rostros del proyecto<\/h4>\t\t\t\t<\/div>\n\t\t\t\t<\/div>\n\t\t\t\t\t<\/div>\n\t\t\t\t<\/div>\n\t\t<div class=\"elementor-element elementor-element-5de061e e-grid e-con-boxed e-con e-parent\" data-id=\"5de061e\" data-element_type=\"container\" data-e-type=\"container\" data-settings=\"{&quot;background_background&quot;:&quot;classic&quot;}\">\n\t\t\t\t\t<div class=\"e-con-inner\">\n\t\t<div class=\"elementor-element elementor-element-b862b4e e-con-full e-flex e-con e-child\" data-id=\"b862b4e\" data-element_type=\"container\" data-e-type=\"container\" data-settings=\"{&quot;background_background&quot;:&quot;classic&quot;}\">\n\t\t<div class=\"elementor-element elementor-element-1265f3e e-con-full e-flex e-con e-child\" data-id=\"1265f3e\" data-element_type=\"container\" data-e-type=\"container\">\n\t\t\t\t<div class=\"elementor-element elementor-element-3cee9b2 elementor-widget elementor-widget-image\" data-id=\"3cee9b2\" data-element_type=\"widget\" data-e-type=\"widget\" data-widget_type=\"image.default\">\n\t\t\t\t<div class=\"elementor-widget-container\">\n\t\t\t\t\t\t\t\t\t\t\t\t\t\t\t<img decoding=\"async\" width=\"800\" height=\"800\" src=\"https:\/\/damet-edu.eu\/wp-content\/uploads\/2025\/12\/Christophe-Leydier-800x800-1.jpg\" class=\"attachment-large size-large wp-image-1179\" alt=\"\" srcset=\"https:\/\/damet-edu.eu\/wp-content\/uploads\/2025\/12\/Christophe-Leydier-800x800-1.jpg 800w, https:\/\/damet-edu.eu\/wp-content\/uploads\/2025\/12\/Christophe-Leydier-800x800-1-300x300.jpg 300w, https:\/\/damet-edu.eu\/wp-content\/uploads\/2025\/12\/Christophe-Leydier-800x800-1-150x150.jpg 150w, https:\/\/damet-edu.eu\/wp-content\/uploads\/2025\/12\/Christophe-Leydier-800x800-1-768x768.jpg 768w, https:\/\/damet-edu.eu\/wp-content\/uploads\/2025\/12\/Christophe-Leydier-800x800-1-700x700.jpg 700w\" sizes=\"(max-width: 800px) 100vw, 800px\" \/>\t\t\t\t\t\t\t\t\t\t\t\t\t\t\t<\/div>\n\t\t\t\t<\/div>\n\t\t\t\t<\/div>\n\t\t\t\t<div class=\"elementor-element elementor-element-da6113e elementor-widget elementor-widget-heading\" data-id=\"da6113e\" data-element_type=\"widget\" data-e-type=\"widget\" data-widget_type=\"heading.default\">\n\t\t\t\t<div class=\"elementor-widget-container\">\n\t\t\t\t\t<h4 class=\"elementor-heading-title elementor-size-default\">Christophe Leydier<\/h4>\t\t\t\t<\/div>\n\t\t\t\t<\/div>\n\t\t\t\t<div class=\"elementor-element elementor-element-ef588ff elementor-icon-list--layout-traditional elementor-list-item-link-full_width elementor-widget elementor-widget-icon-list\" data-id=\"ef588ff\" data-element_type=\"widget\" data-e-type=\"widget\" data-widget_type=\"icon-list.default\">\n\t\t\t\t<div class=\"elementor-widget-container\">\n\t\t\t\t\t\t\t<ul class=\"elementor-icon-list-items\">\n\t\t\t\t\t\t\t<li class=\"elementor-icon-list-item\">\n\t\t\t\t\t\t\t\t\t\t\t<a href=\"mailto:christophe.leydier@greta-auvergne.fr\">\n\n\t\t\t\t\t\t\t\t\t\t\t\t<span class=\"elementor-icon-list-icon\">\n\t\t\t\t\t\t\t<i aria-hidden=\"true\" class=\"fas fa-envelope\"><\/i>\t\t\t\t\t\t<\/span>\n\t\t\t\t\t\t\t\t\t\t<span class=\"elementor-icon-list-text\">christophe.leydier@greta-auvergne.fr<\/span>\n\t\t\t\t\t\t\t\t\t\t\t<\/a>\n\t\t\t\t\t\t\t\t\t<\/li>\n\t\t\t\t\t\t<\/ul>\n\t\t\t\t\t\t<\/div>\n\t\t\t\t<\/div>\n\t\t\t\t<div class=\"elementor-element elementor-element-ec6785f elementor-widget elementor-widget-button\" data-id=\"ec6785f\" data-element_type=\"widget\" data-e-type=\"widget\" data-widget_type=\"button.default\">\n\t\t\t\t<div class=\"elementor-widget-container\">\n\t\t\t\t\t\t\t\t\t<div class=\"elementor-button-wrapper\">\n\t\t\t\t\t<a class=\"elementor-button elementor-button-link elementor-size-sm\" href=\"#elementor-action%3Aaction%3Dpopup%3Aopen%26settings%3DeyJpZCI6MTQxNSwidG9nZ2xlIjpmYWxzZX0%3D\">\n\t\t\t\t\t\t<span class=\"elementor-button-content-wrapper\">\n\t\t\t\t\t\t\t\t\t<span class=\"elementor-button-text\">m\u00e1s<\/span>\n\t\t\t\t\t<\/span>\n\t\t\t\t\t<\/a>\n\t\t\t\t<\/div>\n\t\t\t\t\t\t\t\t<\/div>\n\t\t\t\t<\/div>\n\t\t\t\t<\/div>\n\t\t\t\t\t<\/div>\n\t\t\t\t<\/div>\n\t\t<div class=\"elementor-element elementor-element-0fe7ea1 e-flex e-con-boxed e-con e-parent\" data-id=\"0fe7ea1\" data-element_type=\"container\" data-e-type=\"container\" data-settings=\"{&quot;shape_divider_top&quot;:&quot;tilt&quot;}\">\n\t\t\t\t\t<div class=\"e-con-inner\">\n\t\t\t\t<div class=\"elementor-shape elementor-shape-top\" aria-hidden=\"true\" data-negative=\"false\">\n\t\t\t<svg xmlns=\"http:\/\/www.w3.org\/2000\/svg\" viewBox=\"0 0 1000 100\" preserveAspectRatio=\"none\">\n\t<path class=\"elementor-shape-fill\" d=\"M0,6V0h1000v100L0,6z\"\/>\n<\/svg>\t\t<\/div>\n\t\t\t\t<div class=\"elementor-element elementor-element-013c8e0 elementor-widget elementor-widget-spacer\" data-id=\"013c8e0\" data-element_type=\"widget\" data-e-type=\"widget\" data-widget_type=\"spacer.default\">\n\t\t\t\t<div class=\"elementor-widget-container\">\n\t\t\t\t\t\t\t<div class=\"elementor-spacer\">\n\t\t\t<div class=\"elementor-spacer-inner\"><\/div>\n\t\t<\/div>\n\t\t\t\t\t\t<\/div>\n\t\t\t\t<\/div>\n\t\t\t\t\t<\/div>\n\t\t\t\t<\/div>\n\t\t\t\t<\/div>\n\t\t","protected":false},"excerpt":{"rendered":"<p>Lyc\u00e9e La Fayette \u2013 Greta Auvergne | Francia Greta Auvergne es una asociaci\u00f3n de 72 centros de ense\u00f1anza secundaria p\u00fablica de la antigua regi\u00f3n de Auvernia que a\u00fanan sus competencias y recursos para ofrecer oportunidades de aprendizaje permanente a los adultos. Aprovecha las instalaciones y los recursos humanos de estas instituciones para desarrollar programas de [&hellip;]<\/p>\n","protected":false},"author":3,"featured_media":1099,"parent":1371,"menu_order":0,"comment_status":"closed","ping_status":"closed","template":"","meta":{"footnotes":""},"class_list":["post-1383","page","type-page","status-publish","has-post-thumbnail","hentry"],"_links":{"self":[{"href":"https:\/\/damet-edu.eu\/es\/wp-json\/wp\/v2\/pages\/1383","targetHints":{"allow":["GET"]}}],"collection":[{"href":"https:\/\/damet-edu.eu\/es\/wp-json\/wp\/v2\/pages"}],"about":[{"href":"https:\/\/damet-edu.eu\/es\/wp-json\/wp\/v2\/types\/page"}],"author":[{"embeddable":true,"href":"https:\/\/damet-edu.eu\/es\/wp-json\/wp\/v2\/users\/3"}],"replies":[{"embeddable":true,"href":"https:\/\/damet-edu.eu\/es\/wp-json\/wp\/v2\/comments?post=1383"}],"version-history":[{"count":4,"href":"https:\/\/damet-edu.eu\/es\/wp-json\/wp\/v2\/pages\/1383\/revisions"}],"predecessor-version":[{"id":2180,"href":"https:\/\/damet-edu.eu\/es\/wp-json\/wp\/v2\/pages\/1383\/revisions\/2180"}],"up":[{"embeddable":true,"href":"https:\/\/damet-edu.eu\/es\/wp-json\/wp\/v2\/pages\/1371"}],"wp:featuredmedia":[{"embeddable":true,"href":"https:\/\/damet-edu.eu\/es\/wp-json\/wp\/v2\/media\/1099"}],"wp:attachment":[{"href":"https:\/\/damet-edu.eu\/es\/wp-json\/wp\/v2\/media?parent=1383"}],"curies":[{"name":"wp","href":"https:\/\/api.w.org\/{rel}","templated":true}]}}