{"id":1778,"date":"2026-01-26T11:10:33","date_gmt":"2026-01-26T11:10:33","guid":{"rendered":"https:\/\/damet-edu.eu\/rezultatai\/"},"modified":"2026-01-26T11:10:34","modified_gmt":"2026-01-26T11:10:34","slug":"rezultatai","status":"publish","type":"page","link":"https:\/\/damet-edu.eu\/lt\/rezultatai\/","title":{"rendered":"Rezultatai"},"content":{"rendered":"\t\t<div data-elementor-type=\"wp-page\" data-elementor-id=\"1778\" class=\"elementor elementor-1778 elementor-61\" data-elementor-post-type=\"page\">\n\t\t\t\t<div class=\"elementor-element elementor-element-88f1ec7 e-flex e-con-boxed e-con e-parent\" data-id=\"88f1ec7\" data-element_type=\"container\" data-e-type=\"container\" data-settings=\"{&quot;shape_divider_bottom&quot;:&quot;tilt&quot;}\">\n\t\t\t\t\t<div class=\"e-con-inner\">\n\t\t\t\t<div class=\"elementor-shape elementor-shape-bottom\" aria-hidden=\"true\" data-negative=\"false\">\n\t\t\t<svg xmlns=\"http:\/\/www.w3.org\/2000\/svg\" viewBox=\"0 0 1000 100\" preserveAspectRatio=\"none\">\n\t<path class=\"elementor-shape-fill\" d=\"M0,6V0h1000v100L0,6z\"\/>\n<\/svg>\t\t<\/div>\n\t\t<div class=\"elementor-element elementor-element-9e4d762 e-con-full e-flex e-con e-child\" data-id=\"9e4d762\" data-element_type=\"container\" data-e-type=\"container\" data-settings=\"{&quot;background_background&quot;:&quot;classic&quot;}\">\n\t\t\t\t<div class=\"elementor-element elementor-element-363d524 elementor-widget elementor-widget-heading\" data-id=\"363d524\" data-element_type=\"widget\" data-e-type=\"widget\" data-widget_type=\"heading.default\">\n\t\t\t\t<div class=\"elementor-widget-container\">\n\t\t\t\t\t<h1 class=\"elementor-heading-title elementor-size-default\">Rezultatai<\/h1>\t\t\t\t<\/div>\n\t\t\t\t<\/div>\n\t\t\t\t<div class=\"elementor-element elementor-element-753b2fb elementor-widget-divider--view-line elementor-widget elementor-widget-divider\" data-id=\"753b2fb\" data-element_type=\"widget\" data-e-type=\"widget\" data-widget_type=\"divider.default\">\n\t\t\t\t<div class=\"elementor-widget-container\">\n\t\t\t\t\t\t\t<div class=\"elementor-divider\">\n\t\t\t<span class=\"elementor-divider-separator\">\n\t\t\t\t\t\t<\/span>\n\t\t<\/div>\n\t\t\t\t\t\t<\/div>\n\t\t\t\t<\/div>\n\t\t\t\t<\/div>\n\t\t\t\t\t<\/div>\n\t\t\t\t<\/div>\n\t\t<div class=\"elementor-element elementor-element-9d320ea e-flex e-con-boxed e-con e-parent\" data-id=\"9d320ea\" data-element_type=\"container\" data-e-type=\"container\" id=\"DCDP\" data-settings=\"{&quot;background_background&quot;:&quot;classic&quot;,&quot;shape_divider_bottom&quot;:&quot;tilt&quot;}\">\n\t\t\t\t\t<div class=\"e-con-inner\">\n\t\t\t\t<div class=\"elementor-shape elementor-shape-bottom\" aria-hidden=\"true\" data-negative=\"false\">\n\t\t\t<svg xmlns=\"http:\/\/www.w3.org\/2000\/svg\" viewBox=\"0 0 1000 100\" preserveAspectRatio=\"none\">\n\t<path class=\"elementor-shape-fill\" d=\"M0,6V0h1000v100L0,6z\"\/>\n<\/svg>\t\t<\/div>\n\t\t<div class=\"elementor-element elementor-element-c086241 e-con-full e-flex e-con e-child\" data-id=\"c086241\" data-element_type=\"container\" data-e-type=\"container\" data-settings=\"{&quot;background_background&quot;:&quot;classic&quot;}\">\n\t\t\t\t<\/div>\n\t\t<div class=\"elementor-element elementor-element-b68475d e-con-full e-flex e-con e-child\" data-id=\"b68475d\" data-element_type=\"container\" data-e-type=\"container\">\n\t\t\t\t<div class=\"elementor-element elementor-element-add7375 elementor-widget elementor-widget-heading\" data-id=\"add7375\" data-element_type=\"widget\" data-e-type=\"widget\" data-widget_type=\"heading.default\">\n\t\t\t\t<div class=\"elementor-widget-container\">\n\t\t\t\t\t<h3 class=\"elementor-heading-title elementor-size-default\">Skaitmenini\u0173 kompetencij\u0173 ugdymo platforma<\/h3>\t\t\t\t<\/div>\n\t\t\t\t<\/div>\n\t\t\t\t<div class=\"elementor-element elementor-element-3dd7b42 elementor-widget elementor-widget-text-editor\" data-id=\"3dd7b42\" data-element_type=\"widget\" data-e-type=\"widget\" data-widget_type=\"text-editor.default\">\n\t\t\t\t<div class=\"elementor-widget-container\">\n\t\t\t\t\t\t\t\t\t<p>DAMET platforma suaugusi\u0173j\u0173 \u0161viet\u0117jams si\u016blo patogi\u0105 internetin\u0119 erdv\u0119, kurioje galima susipa\u017einti su dirbtinio intelekto priemon\u0117mis ir skaitmeniniais mokymo metodais. Ji teikia interaktyvius i\u0161teklius ir remia nuolatin\u012f profesin\u012f tobul\u0117jim\u0105, si\u016blydama prieinamus ir prakti\u0161kus mokymosi b\u016bdus.<\/p>\n\t\t\t\t\t\t\t\t<\/div>\n\t\t\t\t<\/div>\n\t\t\t\t<div class=\"elementor-element elementor-element-48f7b29 elementor-widget elementor-widget-heading\" data-id=\"48f7b29\" data-element_type=\"widget\" data-e-type=\"widget\" data-widget_type=\"heading.default\">\n\t\t\t\t<div class=\"elementor-widget-container\">\n\t\t\t\t\t<h5 class=\"elementor-heading-title elementor-size-default\">Netrukus<\/h5>\t\t\t\t<\/div>\n\t\t\t\t<\/div>\n\t\t\t\t<\/div>\n\t\t\t\t\t<\/div>\n\t\t\t\t<\/div>\n\t\t<div class=\"elementor-element elementor-element-5fc7417 e-flex e-con-boxed e-con e-parent\" data-id=\"5fc7417\" data-element_type=\"container\" data-e-type=\"container\" id=\"MF\" data-settings=\"{&quot;background_background&quot;:&quot;classic&quot;,&quot;shape_divider_bottom&quot;:&quot;tilt&quot;}\">\n\t\t\t\t\t<div class=\"e-con-inner\">\n\t\t\t\t<div class=\"elementor-shape elementor-shape-bottom\" aria-hidden=\"true\" data-negative=\"false\">\n\t\t\t<svg xmlns=\"http:\/\/www.w3.org\/2000\/svg\" viewBox=\"0 0 1000 100\" preserveAspectRatio=\"none\">\n\t<path class=\"elementor-shape-fill\" d=\"M0,6V0h1000v100L0,6z\"\/>\n<\/svg>\t\t<\/div>\n\t\t<div class=\"elementor-element elementor-element-9abbc9c e-con-full e-flex e-con e-child\" data-id=\"9abbc9c\" data-element_type=\"container\" data-e-type=\"container\" data-settings=\"{&quot;background_background&quot;:&quot;classic&quot;}\">\n\t\t\t\t<\/div>\n\t\t<div class=\"elementor-element elementor-element-2e4d9fd e-con-full e-flex e-con e-child\" data-id=\"2e4d9fd\" data-element_type=\"container\" data-e-type=\"container\">\n\t\t\t\t<div class=\"elementor-element elementor-element-dbf7d92 elementor-widget elementor-widget-heading\" data-id=\"dbf7d92\" data-element_type=\"widget\" data-e-type=\"widget\" data-widget_type=\"heading.default\">\n\t\t\t\t<div class=\"elementor-widget-container\">\n\t\t\t\t\t<h3 class=\"elementor-heading-title elementor-size-default\">Skaitmenini\u0173 kompetencij\u0173 mikrokredencial\u0173 sistema<\/h3>\t\t\t\t<\/div>\n\t\t\t\t<\/div>\n\t\t\t\t<div class=\"elementor-element elementor-element-70cccfe elementor-widget elementor-widget-text-editor\" data-id=\"70cccfe\" data-element_type=\"widget\" data-e-type=\"widget\" data-widget_type=\"text-editor.default\">\n\t\t\t\t<div class=\"elementor-widget-container\">\n\t\t\t\t\t\t\t\t\t<p>\u0160i sistema apibr\u0117\u017eia, kaip pripa\u017e\u012fstamos ir tvirtinamos pedagog\u0173 skaitmenin\u0117s ir dirbtinio intelekto kompetencijos. Ji nustato ai\u0161kius mikrokredencial\u0173 i\u0161davimo standartus ir u\u017etikrina skaidrum\u0105 bei nuoseklum\u0105 visose partneri\u0173 \u0161alyse.<\/p>\n\t\t\t\t\t\t\t\t<\/div>\n\t\t\t\t<\/div>\n\t\t\t\t<div class=\"elementor-element elementor-element-ff7d90a elementor-widget elementor-widget-heading\" data-id=\"ff7d90a\" data-element_type=\"widget\" data-e-type=\"widget\" data-widget_type=\"heading.default\">\n\t\t\t\t<div class=\"elementor-widget-container\">\n\t\t\t\t\t<h5 class=\"elementor-heading-title elementor-size-default\">Netrukus<\/h5>\t\t\t\t<\/div>\n\t\t\t\t<\/div>\n\t\t\t\t<\/div>\n\t\t\t\t\t<\/div>\n\t\t\t\t<\/div>\n\t\t<div class=\"elementor-element elementor-element-473b7e7 e-flex e-con-boxed e-con e-parent\" data-id=\"473b7e7\" data-element_type=\"container\" data-e-type=\"container\" id=\"ELP\" data-settings=\"{&quot;shape_divider_top&quot;:&quot;tilt&quot;}\">\n\t\t\t\t\t<div class=\"e-con-inner\">\n\t\t\t\t<div class=\"elementor-shape elementor-shape-top\" aria-hidden=\"true\" data-negative=\"false\">\n\t\t\t<svg xmlns=\"http:\/\/www.w3.org\/2000\/svg\" viewBox=\"0 0 1000 100\" preserveAspectRatio=\"none\">\n\t<path class=\"elementor-shape-fill\" d=\"M0,6V0h1000v100L0,6z\"\/>\n<\/svg>\t\t<\/div>\n\t\t<div class=\"elementor-element elementor-element-345b0f9 e-con-full e-flex e-con e-child\" data-id=\"345b0f9\" data-element_type=\"container\" data-e-type=\"container\" data-settings=\"{&quot;background_background&quot;:&quot;classic&quot;}\">\n\t\t\t\t<\/div>\n\t\t<div class=\"elementor-element elementor-element-98e0c64 e-con-full e-flex e-con e-child\" data-id=\"98e0c64\" data-element_type=\"container\" data-e-type=\"container\">\n\t\t\t\t<div class=\"elementor-element elementor-element-d4be6a6 elementor-widget elementor-widget-heading\" data-id=\"d4be6a6\" data-element_type=\"widget\" data-e-type=\"widget\" data-widget_type=\"heading.default\">\n\t\t\t\t<div class=\"elementor-widget-container\">\n\t\t\t\t\t<h3 class=\"elementor-heading-title elementor-size-default\">E-mokymosi programa<\/h3>\t\t\t\t<\/div>\n\t\t\t\t<\/div>\n\t\t\t\t<div class=\"elementor-element elementor-element-3b1f54e elementor-widget elementor-widget-text-editor\" data-id=\"3b1f54e\" data-element_type=\"widget\" data-e-type=\"widget\" data-widget_type=\"text-editor.default\">\n\t\t\t\t<div class=\"elementor-widget-container\">\n\t\t\t\t\t\t\t\t\t<p>E-mokymosi programa apima \u0161e\u0161is trumpus modulius, kurie padeda \u0161viet\u0117jams naudoti DI realiose mokymo situacijose. Kiekvienas modulis skirtas konkre\u010diam \u012frankiui ar \u012fg\u016bd\u017eiui ir suteikia \u017eenkliukus, kurie prisideda prie DAMET mikrokredencial\u0173.<\/p>\n\t\t\t\t\t\t\t\t<\/div>\n\t\t\t\t<\/div>\n\t\t\t\t<div class=\"elementor-element elementor-element-1763bff elementor-widget elementor-widget-heading\" data-id=\"1763bff\" data-element_type=\"widget\" data-e-type=\"widget\" data-widget_type=\"heading.default\">\n\t\t\t\t<div class=\"elementor-widget-container\">\n\t\t\t\t\t<h5 class=\"elementor-heading-title elementor-size-default\">Netrukus<\/h5>\t\t\t\t<\/div>\n\t\t\t\t<\/div>\n\t\t\t\t<\/div>\n\t\t\t\t\t<\/div>\n\t\t\t\t<\/div>\n\t\t\t\t<\/div>\n\t\t","protected":false},"excerpt":{"rendered":"<p>Rezultatai Skaitmenini\u0173 kompetencij\u0173 ugdymo platforma DAMET platforma suaugusi\u0173j\u0173 \u0161viet\u0117jams si\u016blo patogi\u0105 internetin\u0119 erdv\u0119, kurioje galima susipa\u017einti su dirbtinio intelekto priemon\u0117mis ir skaitmeniniais mokymo metodais. Ji teikia interaktyvius i\u0161teklius ir remia nuolatin\u012f profesin\u012f tobul\u0117jim\u0105, si\u016blydama prieinamus ir prakti\u0161kus mokymosi b\u016bdus. Netrukus Skaitmenini\u0173 kompetencij\u0173 mikrokredencial\u0173 sistema \u0160i sistema apibr\u0117\u017eia, kaip pripa\u017e\u012fstamos ir tvirtinamos pedagog\u0173 skaitmenin\u0117s ir dirbtinio [&hellip;]<\/p>\n","protected":false},"author":3,"featured_media":1779,"parent":0,"menu_order":0,"comment_status":"closed","ping_status":"closed","template":"","meta":{"footnotes":""},"class_list":["post-1778","page","type-page","status-publish","has-post-thumbnail","hentry"],"_links":{"self":[{"href":"https:\/\/damet-edu.eu\/lt\/wp-json\/wp\/v2\/pages\/1778","targetHints":{"allow":["GET"]}}],"collection":[{"href":"https:\/\/damet-edu.eu\/lt\/wp-json\/wp\/v2\/pages"}],"about":[{"href":"https:\/\/damet-edu.eu\/lt\/wp-json\/wp\/v2\/types\/page"}],"author":[{"embeddable":true,"href":"https:\/\/damet-edu.eu\/lt\/wp-json\/wp\/v2\/users\/3"}],"replies":[{"embeddable":true,"href":"https:\/\/damet-edu.eu\/lt\/wp-json\/wp\/v2\/comments?post=1778"}],"version-history":[{"count":1,"href":"https:\/\/damet-edu.eu\/lt\/wp-json\/wp\/v2\/pages\/1778\/revisions"}],"predecessor-version":[{"id":1780,"href":"https:\/\/damet-edu.eu\/lt\/wp-json\/wp\/v2\/pages\/1778\/revisions\/1780"}],"wp:featuredmedia":[{"embeddable":true,"href":"https:\/\/damet-edu.eu\/lt\/wp-json\/wp\/v2\/media\/1779"}],"wp:attachment":[{"href":"https:\/\/damet-edu.eu\/lt\/wp-json\/wp\/v2\/media?parent=1778"}],"curies":[{"name":"wp","href":"https:\/\/api.w.org\/{rel}","templated":true}]}}