{"id":1839,"date":"2026-01-26T12:16:12","date_gmt":"2026-01-26T12:16:12","guid":{"rendered":"https:\/\/damet-edu.eu\/partneriai\/ljudska-univerza-ptuj\/"},"modified":"2026-02-02T14:02:13","modified_gmt":"2026-02-02T14:02:13","slug":"ljudska-univerza-ptuj","status":"publish","type":"page","link":"https:\/\/damet-edu.eu\/lt\/partneriai\/ljudska-univerza-ptuj\/","title":{"rendered":"Ljudska Univerza Ptuj"},"content":{"rendered":"\t\t<div data-elementor-type=\"wp-page\" data-elementor-id=\"1839\" class=\"elementor elementor-1839 elementor-445\" data-elementor-post-type=\"page\">\n\t\t\t\t<div class=\"elementor-element elementor-element-e27d2eb e-flex e-con-boxed e-con e-parent\" data-id=\"e27d2eb\" data-element_type=\"container\" data-e-type=\"container\" data-settings=\"{&quot;shape_divider_bottom&quot;:&quot;tilt&quot;}\">\n\t\t\t\t\t<div class=\"e-con-inner\">\n\t\t\t\t<div class=\"elementor-shape elementor-shape-bottom\" aria-hidden=\"true\" data-negative=\"false\">\n\t\t\t<svg xmlns=\"http:\/\/www.w3.org\/2000\/svg\" viewBox=\"0 0 1000 100\" preserveAspectRatio=\"none\">\n\t<path class=\"elementor-shape-fill\" d=\"M0,6V0h1000v100L0,6z\"\/>\n<\/svg>\t\t<\/div>\n\t\t<div class=\"elementor-element elementor-element-8b316c6 e-con-full e-flex e-con e-child\" data-id=\"8b316c6\" data-element_type=\"container\" data-e-type=\"container\" data-settings=\"{&quot;background_background&quot;:&quot;classic&quot;}\">\n\t\t\t\t<div class=\"elementor-element elementor-element-b102b21 elementor-widget elementor-widget-image\" data-id=\"b102b21\" data-element_type=\"widget\" data-e-type=\"widget\" data-widget_type=\"image.default\">\n\t\t\t\t<div class=\"elementor-widget-container\">\n\t\t\t\t\t\t\t\t\t\t\t\t\t\t\t<img fetchpriority=\"high\" decoding=\"async\" width=\"600\" height=\"193\" src=\"https:\/\/damet-edu.eu\/wp-content\/uploads\/2025\/11\/University-of-Ptuj.png\" class=\"attachment-large size-large wp-image-1835\" alt=\"\" srcset=\"https:\/\/damet-edu.eu\/wp-content\/uploads\/2025\/11\/University-of-Ptuj.png 600w, https:\/\/damet-edu.eu\/wp-content\/uploads\/2025\/11\/University-of-Ptuj-300x97.png 300w\" sizes=\"(max-width: 600px) 100vw, 600px\" \/>\t\t\t\t\t\t\t\t\t\t\t\t\t\t\t<\/div>\n\t\t\t\t<\/div>\n\t\t\t\t<\/div>\n\t\t\t\t\t<\/div>\n\t\t\t\t<\/div>\n\t\t<div class=\"elementor-element elementor-element-8d8fd90 e-flex e-con-boxed e-con e-parent\" data-id=\"8d8fd90\" data-element_type=\"container\" data-e-type=\"container\" data-settings=\"{&quot;background_background&quot;:&quot;classic&quot;}\">\n\t\t\t\t\t<div class=\"e-con-inner\">\n\t\t\t\t<div class=\"elementor-element elementor-element-45df128 elementor-widget elementor-widget-heading\" data-id=\"45df128\" data-element_type=\"widget\" data-e-type=\"widget\" data-widget_type=\"heading.default\">\n\t\t\t\t<div class=\"elementor-widget-container\">\n\t\t\t\t\t<h3 class=\"elementor-heading-title elementor-size-default\">Ljudska Univerza Ptuj (LUP) | Slov\u0117nija<\/h3>\t\t\t\t<\/div>\n\t\t\t\t<\/div>\n\t\t\t\t<div class=\"elementor-element elementor-element-1d0e901 elementor-widget elementor-widget-text-editor\" data-id=\"1d0e901\" data-element_type=\"widget\" data-e-type=\"widget\" data-widget_type=\"text-editor.default\">\n\t\t\t\t<div class=\"elementor-widget-container\">\n\t\t\t\t\t\t\t\t\t<p>Ljudska Univerza Ptuj yra viena labiausiai pripa\u017eint\u0173 suaugusi\u0173j\u0173 \u0161vietimo institucij\u0173 Slov\u0117nijoje, turinti beveik \u0161imtme\u010dio patirt\u012f tiek formaliojo, tiek neformaliojo mokymosi srityse. Ji teikia plat\u0173 mokymosi vis\u0105 gyvenim\u0105 paslaug\u0173 spektr\u0105 \u2013 nuo bazini\u0173 \u012fg\u016bd\u017ei\u0173 lavinimo ir profesinio mokymo iki bendruomenini\u0173 iniciatyv\u0173, skatinan\u010di\u0173 asmenin\u012f bei profesin\u012f augim\u0105. Organizacijos veiklos paj\u0117gum\u0105 patvirtina tai, kad kasmet ji aptarnauja daugiau nei 1 500 besimokan\u010di\u0173j\u0173 ir bendradarbiauja su daugiau nei 80 i\u0161or\u0117s \u0161viet\u0117j\u0173.<\/p>\n<p>LUP atlieka aktyv\u0173 vaidmen\u012f skatindama socialin\u0119 \u012ftraukt\u012f, skaitmenin\u012f ra\u0161tingum\u0105 bei bendruomen\u0117s pl\u0117tr\u0105 ir turi ilg\u0105 dalyvavimo nacionaliniuose bei Europos projektuose tradicij\u0105. Institucija yra pasi\u0161ventusi inovacijoms suaugusi\u0173j\u0173 \u0161vietimo srityje ir nuolat dirba siekdama u\u017etikrinti auk\u0161tos kokyb\u0117s mokymosi prieinamum\u0105 \u012fvairioms suaugusi\u0173j\u0173 grup\u0117ms, \u012fskaitant asmenis, turin\u010dius ma\u017eiau galimybi\u0173.<\/p>\n\t\t\t\t\t\t\t\t<\/div>\n\t\t\t\t<\/div>\n\t\t<div class=\"elementor-element elementor-element-135d846 e-con-full e-flex e-con e-child\" data-id=\"135d846\" data-element_type=\"container\" data-e-type=\"container\">\n\t\t\t\t<div class=\"elementor-element elementor-element-8ec76f4 elementor-icon-list--layout-traditional elementor-list-item-link-full_width elementor-widget elementor-widget-icon-list\" data-id=\"8ec76f4\" data-element_type=\"widget\" data-e-type=\"widget\" data-widget_type=\"icon-list.default\">\n\t\t\t\t<div class=\"elementor-widget-container\">\n\t\t\t\t\t\t\t<ul class=\"elementor-icon-list-items\">\n\t\t\t\t\t\t\t<li class=\"elementor-icon-list-item\">\n\t\t\t\t\t\t\t\t\t\t\t<a href=\"https:\/\/www.lu-ptuj.si\/\" target=\"_blank\" rel=\"noopener\">\n\n\t\t\t\t\t\t\t\t\t\t\t\t<span class=\"elementor-icon-list-icon\">\n\t\t\t\t\t\t\t<i aria-hidden=\"true\" class=\"fas fa-globe\"><\/i>\t\t\t\t\t\t<\/span>\n\t\t\t\t\t\t\t\t\t\t<span class=\"elementor-icon-list-text\">svetain\u0117<\/span>\n\t\t\t\t\t\t\t\t\t\t\t<\/a>\n\t\t\t\t\t\t\t\t\t<\/li>\n\t\t\t\t\t\t<\/ul>\n\t\t\t\t\t\t<\/div>\n\t\t\t\t<\/div>\n\t\t\t\t<div class=\"elementor-element elementor-element-b23af1a elementor-icon-list--layout-traditional elementor-list-item-link-full_width elementor-widget elementor-widget-icon-list\" data-id=\"b23af1a\" data-element_type=\"widget\" data-e-type=\"widget\" data-widget_type=\"icon-list.default\">\n\t\t\t\t<div class=\"elementor-widget-container\">\n\t\t\t\t\t\t\t<ul class=\"elementor-icon-list-items\">\n\t\t\t\t\t\t\t<li class=\"elementor-icon-list-item\">\n\t\t\t\t\t\t\t\t\t\t\t<a href=\"https:\/\/www.facebook.com\/profile.php?id=100064234143974#\" target=\"_blank\" rel=\"noopener\">\n\n\t\t\t\t\t\t\t\t\t\t\t\t<span class=\"elementor-icon-list-icon\">\n\t\t\t\t\t\t\t<i aria-hidden=\"true\" class=\"fab fa-facebook\"><\/i>\t\t\t\t\t\t<\/span>\n\t\t\t\t\t\t\t\t\t\t<span class=\"elementor-icon-list-text\">facebook<\/span>\n\t\t\t\t\t\t\t\t\t\t\t<\/a>\n\t\t\t\t\t\t\t\t\t<\/li>\n\t\t\t\t\t\t<\/ul>\n\t\t\t\t\t\t<\/div>\n\t\t\t\t<\/div>\n\t\t\t\t<\/div>\n\t\t\t\t<div class=\"elementor-element elementor-element-d22ccd7 elementor-widget elementor-widget-spacer\" data-id=\"d22ccd7\" data-element_type=\"widget\" data-e-type=\"widget\" data-widget_type=\"spacer.default\">\n\t\t\t\t<div class=\"elementor-widget-container\">\n\t\t\t\t\t\t\t<div class=\"elementor-spacer\">\n\t\t\t<div class=\"elementor-spacer-inner\"><\/div>\n\t\t<\/div>\n\t\t\t\t\t\t<\/div>\n\t\t\t\t<\/div>\n\t\t\t\t<div class=\"elementor-element elementor-element-06e0df7 elementor-widget elementor-widget-heading\" data-id=\"06e0df7\" data-element_type=\"widget\" data-e-type=\"widget\" data-widget_type=\"heading.default\">\n\t\t\t\t<div class=\"elementor-widget-container\">\n\t\t\t\t\t<h4 class=\"elementor-heading-title elementor-size-default\">Projekto Veidai<\/h4>\t\t\t\t<\/div>\n\t\t\t\t<\/div>\n\t\t\t\t\t<\/div>\n\t\t\t\t<\/div>\n\t\t<div class=\"elementor-element elementor-element-d72577b e-grid e-con-boxed e-con e-parent\" data-id=\"d72577b\" data-element_type=\"container\" data-e-type=\"container\" data-settings=\"{&quot;background_background&quot;:&quot;classic&quot;}\">\n\t\t\t\t\t<div class=\"e-con-inner\">\n\t\t<div class=\"elementor-element elementor-element-3ee701e e-con-full e-flex e-con e-child\" data-id=\"3ee701e\" data-element_type=\"container\" data-e-type=\"container\" data-settings=\"{&quot;background_background&quot;:&quot;classic&quot;}\">\n\t\t<div class=\"elementor-element elementor-element-21d2300 e-con-full e-flex e-con e-child\" data-id=\"21d2300\" data-element_type=\"container\" data-e-type=\"container\">\n\t\t\t\t<div class=\"elementor-element elementor-element-695ad4e elementor-widget elementor-widget-image\" data-id=\"695ad4e\" data-element_type=\"widget\" data-e-type=\"widget\" data-widget_type=\"image.default\">\n\t\t\t\t<div class=\"elementor-widget-container\">\n\t\t\t\t\t\t\t\t\t\t\t\t\t\t\t<img decoding=\"async\" width=\"800\" height=\"800\" src=\"https:\/\/damet-edu.eu\/wp-content\/uploads\/2025\/12\/petja_800x800.jpg\" class=\"attachment-large size-large wp-image-1837\" alt=\"\" srcset=\"https:\/\/damet-edu.eu\/wp-content\/uploads\/2025\/12\/petja_800x800.jpg 800w, https:\/\/damet-edu.eu\/wp-content\/uploads\/2025\/12\/petja_800x800-300x300.jpg 300w, https:\/\/damet-edu.eu\/wp-content\/uploads\/2025\/12\/petja_800x800-150x150.jpg 150w, https:\/\/damet-edu.eu\/wp-content\/uploads\/2025\/12\/petja_800x800-768x768.jpg 768w, https:\/\/damet-edu.eu\/wp-content\/uploads\/2025\/12\/petja_800x800-700x700.jpg 700w\" sizes=\"(max-width: 800px) 100vw, 800px\" \/>\t\t\t\t\t\t\t\t\t\t\t\t\t\t\t<\/div>\n\t\t\t\t<\/div>\n\t\t\t\t<\/div>\n\t\t\t\t<div class=\"elementor-element elementor-element-d460673 elementor-widget elementor-widget-heading\" data-id=\"d460673\" data-element_type=\"widget\" data-e-type=\"widget\" data-widget_type=\"heading.default\">\n\t\t\t\t<div class=\"elementor-widget-container\">\n\t\t\t\t\t<h4 class=\"elementor-heading-title elementor-size-default\">Petja Jan\u017eekovi\u010d<\/h4>\t\t\t\t<\/div>\n\t\t\t\t<\/div>\n\t\t\t\t<div class=\"elementor-element elementor-element-361f5ae elementor-icon-list--layout-traditional elementor-list-item-link-full_width elementor-widget elementor-widget-icon-list\" data-id=\"361f5ae\" data-element_type=\"widget\" data-e-type=\"widget\" data-widget_type=\"icon-list.default\">\n\t\t\t\t<div class=\"elementor-widget-container\">\n\t\t\t\t\t\t\t<ul class=\"elementor-icon-list-items\">\n\t\t\t\t\t\t\t<li class=\"elementor-icon-list-item\">\n\t\t\t\t\t\t\t\t\t\t\t<a href=\"mailto:petja.Janzekovic@lu-ptuj.si\">\n\n\t\t\t\t\t\t\t\t\t\t\t\t<span class=\"elementor-icon-list-icon\">\n\t\t\t\t\t\t\t<i aria-hidden=\"true\" class=\"fas fa-envelope\"><\/i>\t\t\t\t\t\t<\/span>\n\t\t\t\t\t\t\t\t\t\t<span class=\"elementor-icon-list-text\">petja.Janzekovic@lu-ptuj.si <\/span>\n\t\t\t\t\t\t\t\t\t\t\t<\/a>\n\t\t\t\t\t\t\t\t\t<\/li>\n\t\t\t\t\t\t<\/ul>\n\t\t\t\t\t\t<\/div>\n\t\t\t\t<\/div>\n\t\t\t\t<div class=\"elementor-element elementor-element-1ba7df0 elementor-widget elementor-widget-button\" data-id=\"1ba7df0\" data-element_type=\"widget\" data-e-type=\"widget\" data-widget_type=\"button.default\">\n\t\t\t\t<div class=\"elementor-widget-container\">\n\t\t\t\t\t\t\t\t\t<div class=\"elementor-button-wrapper\">\n\t\t\t\t\t<a class=\"elementor-button elementor-button-link elementor-size-sm\" href=\"#elementor-action%3Aaction%3Dpopup%3Aopen%26settings%3DeyJpZCI6MTg3NywidG9nZ2xlIjpmYWxzZX0%3D\">\n\t\t\t\t\t\t<span class=\"elementor-button-content-wrapper\">\n\t\t\t\t\t\t\t\t\t<span class=\"elementor-button-text\">daugiau<\/span>\n\t\t\t\t\t<\/span>\n\t\t\t\t\t<\/a>\n\t\t\t\t<\/div>\n\t\t\t\t\t\t\t\t<\/div>\n\t\t\t\t<\/div>\n\t\t\t\t<\/div>\n\t\t\t\t\t<\/div>\n\t\t\t\t<\/div>\n\t\t<div class=\"elementor-element elementor-element-39e5efe e-flex e-con-boxed e-con e-parent\" data-id=\"39e5efe\" data-element_type=\"container\" data-e-type=\"container\" data-settings=\"{&quot;shape_divider_top&quot;:&quot;tilt&quot;}\">\n\t\t\t\t\t<div class=\"e-con-inner\">\n\t\t\t\t<div class=\"elementor-shape elementor-shape-top\" aria-hidden=\"true\" data-negative=\"false\">\n\t\t\t<svg xmlns=\"http:\/\/www.w3.org\/2000\/svg\" viewBox=\"0 0 1000 100\" preserveAspectRatio=\"none\">\n\t<path class=\"elementor-shape-fill\" d=\"M0,6V0h1000v100L0,6z\"\/>\n<\/svg>\t\t<\/div>\n\t\t\t\t<div class=\"elementor-element elementor-element-ed43b50 elementor-widget elementor-widget-spacer\" data-id=\"ed43b50\" data-element_type=\"widget\" data-e-type=\"widget\" data-widget_type=\"spacer.default\">\n\t\t\t\t<div class=\"elementor-widget-container\">\n\t\t\t\t\t\t\t<div class=\"elementor-spacer\">\n\t\t\t<div class=\"elementor-spacer-inner\"><\/div>\n\t\t<\/div>\n\t\t\t\t\t\t<\/div>\n\t\t\t\t<\/div>\n\t\t\t\t\t<\/div>\n\t\t\t\t<\/div>\n\t\t\t\t<\/div>\n\t\t","protected":false},"excerpt":{"rendered":"<p>Ljudska Univerza Ptuj (LUP) | Slov\u0117nija Ljudska Univerza Ptuj yra viena labiausiai pripa\u017eint\u0173 suaugusi\u0173j\u0173 \u0161vietimo institucij\u0173 Slov\u0117nijoje, turinti beveik \u0161imtme\u010dio patirt\u012f tiek formaliojo, tiek neformaliojo mokymosi srityse. Ji teikia plat\u0173 mokymosi vis\u0105 gyvenim\u0105 paslaug\u0173 spektr\u0105 \u2013 nuo bazini\u0173 \u012fg\u016bd\u017ei\u0173 lavinimo ir profesinio mokymo iki bendruomenini\u0173 iniciatyv\u0173, skatinan\u010di\u0173 asmenin\u012f bei profesin\u012f augim\u0105. Organizacijos veiklos paj\u0117gum\u0105 patvirtina [&hellip;]<\/p>\n","protected":false},"author":3,"featured_media":1838,"parent":1782,"menu_order":0,"comment_status":"closed","ping_status":"closed","template":"","meta":{"footnotes":""},"class_list":["post-1839","page","type-page","status-publish","has-post-thumbnail","hentry"],"_links":{"self":[{"href":"https:\/\/damet-edu.eu\/lt\/wp-json\/wp\/v2\/pages\/1839","targetHints":{"allow":["GET"]}}],"collection":[{"href":"https:\/\/damet-edu.eu\/lt\/wp-json\/wp\/v2\/pages"}],"about":[{"href":"https:\/\/damet-edu.eu\/lt\/wp-json\/wp\/v2\/types\/page"}],"author":[{"embeddable":true,"href":"https:\/\/damet-edu.eu\/lt\/wp-json\/wp\/v2\/users\/3"}],"replies":[{"embeddable":true,"href":"https:\/\/damet-edu.eu\/lt\/wp-json\/wp\/v2\/comments?post=1839"}],"version-history":[{"count":4,"href":"https:\/\/damet-edu.eu\/lt\/wp-json\/wp\/v2\/pages\/1839\/revisions"}],"predecessor-version":[{"id":2189,"href":"https:\/\/damet-edu.eu\/lt\/wp-json\/wp\/v2\/pages\/1839\/revisions\/2189"}],"up":[{"embeddable":true,"href":"https:\/\/damet-edu.eu\/lt\/wp-json\/wp\/v2\/pages\/1782"}],"wp:featuredmedia":[{"embeddable":true,"href":"https:\/\/damet-edu.eu\/lt\/wp-json\/wp\/v2\/media\/1838"}],"wp:attachment":[{"href":"https:\/\/damet-edu.eu\/lt\/wp-json\/wp\/v2\/media?parent=1839"}],"curies":[{"name":"wp","href":"https:\/\/api.w.org\/{rel}","templated":true}]}}