{"id":1981,"date":"2026-01-28T10:15:27","date_gmt":"2026-01-28T10:15:27","guid":{"rendered":"https:\/\/damet-edu.eu\/gradiva\/"},"modified":"2026-03-30T12:37:40","modified_gmt":"2026-03-30T12:37:40","slug":"gradiva","status":"publish","type":"page","link":"https:\/\/damet-edu.eu\/sl\/gradiva\/","title":{"rendered":"Gradiva"},"content":{"rendered":"\t\t<div data-elementor-type=\"wp-page\" data-elementor-id=\"1981\" class=\"elementor elementor-1981 elementor-65\" data-elementor-post-type=\"page\">\n\t\t\t\t<div class=\"elementor-element elementor-element-57e85ae e-flex e-con-boxed e-con e-parent\" data-id=\"57e85ae\" data-element_type=\"container\" data-e-type=\"container\" data-settings=\"{&quot;shape_divider_bottom&quot;:&quot;tilt&quot;}\">\n\t\t\t\t\t<div class=\"e-con-inner\">\n\t\t\t\t<div class=\"elementor-shape elementor-shape-bottom\" aria-hidden=\"true\" data-negative=\"false\">\n\t\t\t<svg xmlns=\"http:\/\/www.w3.org\/2000\/svg\" viewBox=\"0 0 1000 100\" preserveAspectRatio=\"none\">\n\t<path class=\"elementor-shape-fill\" d=\"M0,6V0h1000v100L0,6z\"\/>\n<\/svg>\t\t<\/div>\n\t\t<div class=\"elementor-element elementor-element-fd6ed9f e-con-full e-flex e-con e-child\" data-id=\"fd6ed9f\" data-element_type=\"container\" data-e-type=\"container\" data-settings=\"{&quot;background_background&quot;:&quot;classic&quot;}\">\n\t\t\t\t<div class=\"elementor-element elementor-element-4d036fc elementor-widget elementor-widget-heading\" data-id=\"4d036fc\" data-element_type=\"widget\" data-e-type=\"widget\" data-widget_type=\"heading.default\">\n\t\t\t\t<div class=\"elementor-widget-container\">\n\t\t\t\t\t<h1 class=\"elementor-heading-title elementor-size-default\">Gradiva<\/h1>\t\t\t\t<\/div>\n\t\t\t\t<\/div>\n\t\t\t\t<div class=\"elementor-element elementor-element-be82ea1 elementor-widget-divider--view-line elementor-widget elementor-widget-divider\" data-id=\"be82ea1\" data-element_type=\"widget\" data-e-type=\"widget\" data-widget_type=\"divider.default\">\n\t\t\t\t<div class=\"elementor-widget-container\">\n\t\t\t\t\t\t\t<div class=\"elementor-divider\">\n\t\t\t<span class=\"elementor-divider-separator\">\n\t\t\t\t\t\t<\/span>\n\t\t<\/div>\n\t\t\t\t\t\t<\/div>\n\t\t\t\t<\/div>\n\t\t\t\t<\/div>\n\t\t\t\t\t<\/div>\n\t\t\t\t<\/div>\n\t\t<div class=\"elementor-element elementor-element-98e63c1 e-flex e-con-boxed e-con e-parent\" data-id=\"98e63c1\" data-element_type=\"container\" data-e-type=\"container\" data-settings=\"{&quot;background_background&quot;:&quot;classic&quot;}\">\n\t\t\t\t\t<div class=\"e-con-inner\">\n\t\t\t\t<div class=\"elementor-element elementor-element-0e46153 elementor-widget elementor-widget-text-editor\" data-id=\"0e46153\" data-element_type=\"widget\" data-e-type=\"widget\" data-widget_type=\"text-editor.default\">\n\t\t\t\t<div class=\"elementor-widget-container\">\n\t\t\t\t\t\t\t\t\t<p>V tem razdelku so predstavljena glavna komunikacijska gradiva projekta DAMET: plakat, letak in novi\u010dniki.<br \/>Ti materiali pomagajo \u0161iriti informacije o ciljih, dejavnostih in rezultatih projekta ter tako prispevajo k ve\u010dji prepoznavnosti in vklju\u010denosti.<br \/>Vsi materiali so na voljo v sedmih jezikih.<\/p>\n\t\t\t\t\t\t\t\t<\/div>\n\t\t\t\t<\/div>\n\t\t<div class=\"elementor-element elementor-element-0d61e8b e-con-full e-flex e-con e-child\" data-id=\"0d61e8b\" data-element_type=\"container\" data-e-type=\"container\">\n\t\t<div class=\"elementor-element elementor-element-4f0d1f3 e-con-full e-flex e-con e-child\" data-id=\"4f0d1f3\" data-element_type=\"container\" data-e-type=\"container\">\n\t\t\t\t<div class=\"elementor-element elementor-element-3332557 elementor-widget elementor-widget-heading\" data-id=\"3332557\" data-element_type=\"widget\" data-e-type=\"widget\" data-widget_type=\"heading.default\">\n\t\t\t\t<div class=\"elementor-widget-container\">\n\t\t\t\t\t<h4 class=\"elementor-heading-title elementor-size-default\">Letak<\/h4>\t\t\t\t<\/div>\n\t\t\t\t<\/div>\n\t\t\t\t<div class=\"elementor-element elementor-element-4d21ed4 elementor-widget elementor-widget-image\" data-id=\"4d21ed4\" data-element_type=\"widget\" data-e-type=\"widget\" data-widget_type=\"image.default\">\n\t\t\t\t<div class=\"elementor-widget-container\">\n\t\t\t\t\t\t\t\t\t\t\t\t\t\t\t\t<a href=\"https:\/\/damet-edu.eu\/wp-content\/uploads\/2026\/03\/SI_brochure.pdf\" target=\"_blank\">\n\t\t\t\t\t\t\t<img fetchpriority=\"high\" decoding=\"async\" width=\"800\" height=\"800\" src=\"https:\/\/damet-edu.eu\/wp-content\/uploads\/2026\/03\/SI_brochure_mockup.png\" class=\"attachment-large size-large wp-image-2604\" alt=\"\" srcset=\"https:\/\/damet-edu.eu\/wp-content\/uploads\/2026\/03\/SI_brochure_mockup.png 1000w, https:\/\/damet-edu.eu\/wp-content\/uploads\/2026\/03\/SI_brochure_mockup-300x300.png 300w, https:\/\/damet-edu.eu\/wp-content\/uploads\/2026\/03\/SI_brochure_mockup-150x150.png 150w, https:\/\/damet-edu.eu\/wp-content\/uploads\/2026\/03\/SI_brochure_mockup-768x768.png 768w, https:\/\/damet-edu.eu\/wp-content\/uploads\/2026\/03\/SI_brochure_mockup-700x700.png 700w\" sizes=\"(max-width: 800px) 100vw, 800px\" \/>\t\t\t\t\t\t\t\t<\/a>\n\t\t\t\t\t\t\t\t\t\t\t\t\t\t\t<\/div>\n\t\t\t\t<\/div>\n\t\t\t\t<\/div>\n\t\t<div class=\"elementor-element elementor-element-9c815d2 e-con-full e-flex e-con e-child\" data-id=\"9c815d2\" data-element_type=\"container\" data-e-type=\"container\">\n\t\t\t\t<div class=\"elementor-element elementor-element-942779d elementor-widget elementor-widget-heading\" data-id=\"942779d\" data-element_type=\"widget\" data-e-type=\"widget\" data-widget_type=\"heading.default\">\n\t\t\t\t<div class=\"elementor-widget-container\">\n\t\t\t\t\t<h4 class=\"elementor-heading-title elementor-size-default\">Plakat<\/h4>\t\t\t\t<\/div>\n\t\t\t\t<\/div>\n\t\t\t\t<div class=\"elementor-element elementor-element-14db365 elementor-widget elementor-widget-image\" data-id=\"14db365\" data-element_type=\"widget\" data-e-type=\"widget\" data-widget_type=\"image.default\">\n\t\t\t\t<div class=\"elementor-widget-container\">\n\t\t\t\t\t\t\t\t\t\t\t\t\t\t\t\t<a href=\"https:\/\/damet-edu.eu\/wp-content\/uploads\/2026\/03\/SI_poster.pdf\" target=\"_blank\">\n\t\t\t\t\t\t\t<img decoding=\"async\" width=\"800\" height=\"800\" src=\"https:\/\/damet-edu.eu\/wp-content\/uploads\/2026\/03\/SI_poster_mockup.png\" class=\"attachment-large size-large wp-image-2605\" alt=\"\" srcset=\"https:\/\/damet-edu.eu\/wp-content\/uploads\/2026\/03\/SI_poster_mockup.png 1000w, https:\/\/damet-edu.eu\/wp-content\/uploads\/2026\/03\/SI_poster_mockup-300x300.png 300w, https:\/\/damet-edu.eu\/wp-content\/uploads\/2026\/03\/SI_poster_mockup-150x150.png 150w, https:\/\/damet-edu.eu\/wp-content\/uploads\/2026\/03\/SI_poster_mockup-768x768.png 768w, https:\/\/damet-edu.eu\/wp-content\/uploads\/2026\/03\/SI_poster_mockup-700x700.png 700w\" sizes=\"(max-width: 800px) 100vw, 800px\" \/>\t\t\t\t\t\t\t\t<\/a>\n\t\t\t\t\t\t\t\t\t\t\t\t\t\t\t<\/div>\n\t\t\t\t<\/div>\n\t\t\t\t<\/div>\n\t\t<div class=\"elementor-element elementor-element-1c773a3 e-con-full e-flex e-con e-child\" data-id=\"1c773a3\" data-element_type=\"container\" data-e-type=\"container\">\n\t\t\t\t<div class=\"elementor-element elementor-element-5409c95 elementor-widget elementor-widget-heading\" data-id=\"5409c95\" data-element_type=\"widget\" data-e-type=\"widget\" data-widget_type=\"heading.default\">\n\t\t\t\t<div class=\"elementor-widget-container\">\n\t\t\t\t\t<h4 class=\"elementor-heading-title elementor-size-default\">Novi\u010dnik<\/h4>\t\t\t\t<\/div>\n\t\t\t\t<\/div>\n\t\t\t\t<div class=\"elementor-element elementor-element-13c4287 elementor-widget elementor-widget-image\" data-id=\"13c4287\" data-element_type=\"widget\" data-e-type=\"widget\" data-widget_type=\"image.default\">\n\t\t\t\t<div class=\"elementor-widget-container\">\n\t\t\t\t\t\t\t\t\t\t\t\t\t\t\t<img decoding=\"async\" width=\"800\" height=\"800\" src=\"https:\/\/damet-edu.eu\/wp-content\/uploads\/2026\/03\/SL_1st-Newsletter-mockup-1.png\" class=\"attachment-large size-large wp-image-2960\" alt=\"\" srcset=\"https:\/\/damet-edu.eu\/wp-content\/uploads\/2026\/03\/SL_1st-Newsletter-mockup-1.png 1000w, https:\/\/damet-edu.eu\/wp-content\/uploads\/2026\/03\/SL_1st-Newsletter-mockup-1-300x300.png 300w, https:\/\/damet-edu.eu\/wp-content\/uploads\/2026\/03\/SL_1st-Newsletter-mockup-1-150x150.png 150w, https:\/\/damet-edu.eu\/wp-content\/uploads\/2026\/03\/SL_1st-Newsletter-mockup-1-768x768.png 768w, https:\/\/damet-edu.eu\/wp-content\/uploads\/2026\/03\/SL_1st-Newsletter-mockup-1-700x700.png 700w\" sizes=\"(max-width: 800px) 100vw, 800px\" \/>\t\t\t\t\t\t\t\t\t\t\t\t\t\t\t<\/div>\n\t\t\t\t<\/div>\n\t\t\t\t<div class=\"elementor-element elementor-element-9b5b75b cont elementor-widget elementor-widget-shortcode\" data-id=\"9b5b75b\" data-element_type=\"widget\" data-e-type=\"widget\" data-widget_type=\"shortcode.default\">\n\t\t\t\t<div class=\"elementor-widget-container\">\n\t\t\t\t\t\t\t<div class=\"elementor-shortcode\"><div class=\"_df_thumb \" id=\"df_2692\"  title=\"newsletter-1-sl\" _slug=\"newsletter-1-sl\" wpoptions=\"true\" thumb=\"https:\/\/damet-edu.eu\/wp-content\/uploads\/2026\/03\/SL_1st-Newsletter-mockup.png\" thumbtype=\"bg\" >Newsletter 1 &#8211; SL<\/div><script data-cfasync=\"false\">var option_df_2692 = {\"outline\":[],\"forceFit\":\"true\",\"autoEnableOutline\":\"false\",\"autoEnableThumbnail\":\"false\",\"overwritePDFOutline\":\"false\",\"direction\":\"1\",\"pageSize\":\"0\",\"source\":\"https:\\\/\\\/damet-edu.eu\\\/wp-content\\\/uploads\\\/2026\\\/03\\\/SL_damet_1stNewsletter_compressed.pdf\",\"wpOptions\":\"true\"}; if(window.DFLIP && DFLIP.parseBooks){DFLIP.parseBooks();}<\/script><\/div>\n\t\t\t\t\t\t<\/div>\n\t\t\t\t<\/div>\n\t\t\t\t<\/div>\n\t\t\t\t<\/div>\n\t\t\t\t\t<\/div>\n\t\t\t\t<\/div>\n\t\t<div class=\"elementor-element elementor-element-2041e24 e-flex e-con-boxed e-con e-parent\" data-id=\"2041e24\" data-element_type=\"container\" data-e-type=\"container\" data-settings=\"{&quot;shape_divider_top&quot;:&quot;tilt&quot;}\">\n\t\t\t\t\t<div class=\"e-con-inner\">\n\t\t\t\t<div class=\"elementor-shape elementor-shape-top\" aria-hidden=\"true\" data-negative=\"false\">\n\t\t\t<svg xmlns=\"http:\/\/www.w3.org\/2000\/svg\" viewBox=\"0 0 1000 100\" preserveAspectRatio=\"none\">\n\t<path class=\"elementor-shape-fill\" d=\"M0,6V0h1000v100L0,6z\"\/>\n<\/svg>\t\t<\/div>\n\t\t\t\t<div class=\"elementor-element elementor-element-f240a47 elementor-widget elementor-widget-spacer\" data-id=\"f240a47\" data-element_type=\"widget\" data-e-type=\"widget\" data-widget_type=\"spacer.default\">\n\t\t\t\t<div class=\"elementor-widget-container\">\n\t\t\t\t\t\t\t<div class=\"elementor-spacer\">\n\t\t\t<div class=\"elementor-spacer-inner\"><\/div>\n\t\t<\/div>\n\t\t\t\t\t\t<\/div>\n\t\t\t\t<\/div>\n\t\t\t\t\t<\/div>\n\t\t\t\t<\/div>\n\t\t\t\t<\/div>\n\t\t","protected":false},"excerpt":{"rendered":"<p>Gradiva V tem razdelku so predstavljena glavna komunikacijska gradiva projekta DAMET: plakat, letak in novi\u010dniki.Ti materiali pomagajo \u0161iriti informacije o ciljih, dejavnostih in rezultatih projekta ter tako prispevajo k ve\u010dji prepoznavnosti in vklju\u010denosti.Vsi materiali so na voljo v sedmih jezikih. Letak Plakat Novi\u010dnik<\/p>\n","protected":false},"author":3,"featured_media":1103,"parent":0,"menu_order":0,"comment_status":"closed","ping_status":"closed","template":"","meta":{"footnotes":""},"class_list":["post-1981","page","type-page","status-publish","has-post-thumbnail","hentry"],"_links":{"self":[{"href":"https:\/\/damet-edu.eu\/sl\/wp-json\/wp\/v2\/pages\/1981","targetHints":{"allow":["GET"]}}],"collection":[{"href":"https:\/\/damet-edu.eu\/sl\/wp-json\/wp\/v2\/pages"}],"about":[{"href":"https:\/\/damet-edu.eu\/sl\/wp-json\/wp\/v2\/types\/page"}],"author":[{"embeddable":true,"href":"https:\/\/damet-edu.eu\/sl\/wp-json\/wp\/v2\/users\/3"}],"replies":[{"embeddable":true,"href":"https:\/\/damet-edu.eu\/sl\/wp-json\/wp\/v2\/comments?post=1981"}],"version-history":[{"count":13,"href":"https:\/\/damet-edu.eu\/sl\/wp-json\/wp\/v2\/pages\/1981\/revisions"}],"predecessor-version":[{"id":3024,"href":"https:\/\/damet-edu.eu\/sl\/wp-json\/wp\/v2\/pages\/1981\/revisions\/3024"}],"wp:featuredmedia":[{"embeddable":true,"href":"https:\/\/damet-edu.eu\/sl\/wp-json\/wp\/v2\/media\/1103"}],"wp:attachment":[{"href":"https:\/\/damet-edu.eu\/sl\/wp-json\/wp\/v2\/media?parent=1981"}],"curies":[{"name":"wp","href":"https:\/\/api.w.org\/{rel}","templated":true}]}}