{"id":1999,"date":"2026-01-28T10:51:01","date_gmt":"2026-01-28T10:51:01","guid":{"rendered":"https:\/\/damet-edu.eu\/partnerji\/omnis\/"},"modified":"2026-02-20T13:54:13","modified_gmt":"2026-02-20T13:54:13","slug":"omnis","status":"publish","type":"page","link":"https:\/\/damet-edu.eu\/sl\/partnerji\/omnis\/","title":{"rendered":"OMNIS"},"content":{"rendered":"\t\t<div data-elementor-type=\"wp-page\" data-elementor-id=\"1999\" class=\"elementor elementor-1999 elementor-449\" data-elementor-post-type=\"page\">\n\t\t\t\t<div class=\"elementor-element elementor-element-6b8c873 e-flex e-con-boxed e-con e-parent\" data-id=\"6b8c873\" data-element_type=\"container\" data-e-type=\"container\" data-settings=\"{&quot;shape_divider_bottom&quot;:&quot;tilt&quot;}\">\n\t\t\t\t\t<div class=\"e-con-inner\">\n\t\t\t\t<div class=\"elementor-shape elementor-shape-bottom\" aria-hidden=\"true\" data-negative=\"false\">\n\t\t\t<svg xmlns=\"http:\/\/www.w3.org\/2000\/svg\" viewBox=\"0 0 1000 100\" preserveAspectRatio=\"none\">\n\t<path class=\"elementor-shape-fill\" d=\"M0,6V0h1000v100L0,6z\"\/>\n<\/svg>\t\t<\/div>\n\t\t<div class=\"elementor-element elementor-element-6c888ab e-con-full e-flex e-con e-child\" data-id=\"6c888ab\" data-element_type=\"container\" data-e-type=\"container\" data-settings=\"{&quot;background_background&quot;:&quot;classic&quot;}\">\n\t\t\t\t<div class=\"elementor-element elementor-element-8c0fff1 elementor-widget elementor-widget-image\" data-id=\"8c0fff1\" data-element_type=\"widget\" data-e-type=\"widget\" data-widget_type=\"image.default\">\n\t\t\t\t<div class=\"elementor-widget-container\">\n\t\t\t\t\t\t\t\t\t\t\t\t\t\t\t<img fetchpriority=\"high\" decoding=\"async\" width=\"800\" height=\"309\" src=\"https:\/\/damet-edu.eu\/wp-content\/uploads\/2025\/11\/omnis-logo-color-nb-1024x396.png\" class=\"attachment-large size-large wp-image-1063\" alt=\"\" srcset=\"https:\/\/damet-edu.eu\/wp-content\/uploads\/2025\/11\/omnis-logo-color-nb-1024x396.png 1024w, https:\/\/damet-edu.eu\/wp-content\/uploads\/2025\/11\/omnis-logo-color-nb-300x116.png 300w, https:\/\/damet-edu.eu\/wp-content\/uploads\/2025\/11\/omnis-logo-color-nb-768x297.png 768w, https:\/\/damet-edu.eu\/wp-content\/uploads\/2025\/11\/omnis-logo-color-nb-1536x594.png 1536w, https:\/\/damet-edu.eu\/wp-content\/uploads\/2025\/11\/omnis-logo-color-nb-2048x792.png 2048w\" sizes=\"(max-width: 800px) 100vw, 800px\" \/>\t\t\t\t\t\t\t\t\t\t\t\t\t\t\t<\/div>\n\t\t\t\t<\/div>\n\t\t\t\t<\/div>\n\t\t\t\t\t<\/div>\n\t\t\t\t<\/div>\n\t\t<div class=\"elementor-element elementor-element-63908ee e-flex e-con-boxed e-con e-parent\" data-id=\"63908ee\" data-element_type=\"container\" data-e-type=\"container\" data-settings=\"{&quot;background_background&quot;:&quot;classic&quot;}\">\n\t\t\t\t\t<div class=\"e-con-inner\">\n\t\t\t\t<div class=\"elementor-element elementor-element-ce8cb46 elementor-widget elementor-widget-heading\" data-id=\"ce8cb46\" data-element_type=\"widget\" data-e-type=\"widget\" data-widget_type=\"heading.default\">\n\t\t\t\t<div class=\"elementor-widget-container\">\n\t\t\t\t\t<h3 class=\"elementor-heading-title elementor-size-default\">OMNIS | Italija<\/h3>\t\t\t\t<\/div>\n\t\t\t\t<\/div>\n\t\t\t\t<div class=\"elementor-element elementor-element-a4a5081 elementor-widget elementor-widget-text-editor\" data-id=\"a4a5081\" data-element_type=\"widget\" data-e-type=\"widget\" data-widget_type=\"text-editor.default\">\n\t\t\t\t<div class=\"elementor-widget-container\">\n\t\t\t\t\t\t\t\t\t<p><span data-contrast=\"auto\">OMNIS je organizacija, specializirana za poklicno izobra\u017eevanje in usposabljanje, s poudarkom na izobra\u017eevanju odraslih in razvoju programov, usmerjenih v trg dela. Organizacija oblikuje in izvaja programe usposabljanja, ki temeljijo na inovativnih metodah pou\u010devanja, ki zdru\u017eujejo teoreti\u010dno u\u010denje s prakti\u010dno uporabo, kar udele\u017eencem omogo\u010da pridobivanje znanj, ki so neposredno uporabna v dana\u0161njem delovnem okolju.<\/span><span data-ccp-props=\"{&quot;201341983&quot;:0,&quot;335551550&quot;:6,&quot;335551620&quot;:6,&quot;335559738&quot;:80,&quot;335559739&quot;:80,&quot;335559740&quot;:240}\">\u00a0<\/span><span data-contrast=\"auto\">OMNIS ima bogate izku\u0161nje z oblikovanjem in izvajanjem programov za izpopolnjevanje in prekvalifikacijo ter posebej poudarja zaposljivost, inovativnost in kakovost u\u010dnih programov.<\/span><span data-ccp-props=\"{&quot;201341983&quot;:0,&quot;335551550&quot;:6,&quot;335551620&quot;:6,&quot;335559738&quot;:80,&quot;335559739&quot;:80,&quot;335559740&quot;:240}\">\u00a0<\/span><span data-contrast=\"auto\">Organizacija spodbuja tudi uporabo digitalnih orodij in novih pristopov k u\u010denju za podporo izobra\u017eevalcem in udele\u017eencem, kar olaj\u0161uje prilagajanje hitrim spremembam v svetu dela.<\/span><span data-ccp-props=\"{&quot;201341983&quot;:0,&quot;335551550&quot;:6,&quot;335551620&quot;:6,&quot;335559738&quot;:80,&quot;335559739&quot;:80,&quot;335559740&quot;:240}\">\u00a0<\/span><span data-contrast=\"auto\">S sodelovanjem v evropskih projektih sodelovanja OMNIS prispeva k izmenjavi dobrih praks, razvoju vklju\u010dujo\u010dih ponudb usposabljanja in ustvarjanju sodobnih sistemov certificiranja, ki so sposobni prepoznati in ovrednotiti dejanske kompetence.<\/span><span data-ccp-props=\"{&quot;201341983&quot;:0,&quot;335551550&quot;:6,&quot;335551620&quot;:6,&quot;335559738&quot;:80,&quot;335559739&quot;:80,&quot;335559740&quot;:240}\">\u00a0<\/span><\/p>\t\t\t\t\t\t\t\t<\/div>\n\t\t\t\t<\/div>\n\t\t<div class=\"elementor-element elementor-element-1a0372e e-con-full e-flex e-con e-child\" data-id=\"1a0372e\" data-element_type=\"container\" data-e-type=\"container\">\n\t\t\t\t<div class=\"elementor-element elementor-element-55487dd elementor-icon-list--layout-traditional elementor-list-item-link-full_width elementor-widget elementor-widget-icon-list\" data-id=\"55487dd\" data-element_type=\"widget\" data-e-type=\"widget\" data-widget_type=\"icon-list.default\">\n\t\t\t\t<div class=\"elementor-widget-container\">\n\t\t\t\t\t\t\t<ul class=\"elementor-icon-list-items\">\n\t\t\t\t\t\t\t<li class=\"elementor-icon-list-item\">\n\t\t\t\t\t\t\t\t\t\t\t<a href=\"https:\/\/www.omnisumbria.it\/\" target=\"_blank\" rel=\"noopener\">\n\n\t\t\t\t\t\t\t\t\t\t\t\t<span class=\"elementor-icon-list-icon\">\n\t\t\t\t\t\t\t<i aria-hidden=\"true\" class=\"fas fa-globe\"><\/i>\t\t\t\t\t\t<\/span>\n\t\t\t\t\t\t\t\t\t\t<span class=\"elementor-icon-list-text\">spletna stran<\/span>\n\t\t\t\t\t\t\t\t\t\t\t<\/a>\n\t\t\t\t\t\t\t\t\t<\/li>\n\t\t\t\t\t\t<\/ul>\n\t\t\t\t\t\t<\/div>\n\t\t\t\t<\/div>\n\t\t\t\t<div class=\"elementor-element elementor-element-d521a53 elementor-icon-list--layout-traditional elementor-list-item-link-full_width elementor-widget elementor-widget-icon-list\" data-id=\"d521a53\" data-element_type=\"widget\" data-e-type=\"widget\" data-widget_type=\"icon-list.default\">\n\t\t\t\t<div class=\"elementor-widget-container\">\n\t\t\t\t\t\t\t<ul class=\"elementor-icon-list-items\">\n\t\t\t\t\t\t\t<li class=\"elementor-icon-list-item\">\n\t\t\t\t\t\t\t\t\t\t\t<a href=\"https:\/\/www.facebook.com\/omniscoop\/\" target=\"_blank\" rel=\"noopener\">\n\n\t\t\t\t\t\t\t\t\t\t\t\t<span class=\"elementor-icon-list-icon\">\n\t\t\t\t\t\t\t<i aria-hidden=\"true\" class=\"fab fa-facebook\"><\/i>\t\t\t\t\t\t<\/span>\n\t\t\t\t\t\t\t\t\t\t<span class=\"elementor-icon-list-text\">facebook<\/span>\n\t\t\t\t\t\t\t\t\t\t\t<\/a>\n\t\t\t\t\t\t\t\t\t<\/li>\n\t\t\t\t\t\t<\/ul>\n\t\t\t\t\t\t<\/div>\n\t\t\t\t<\/div>\n\t\t\t\t<\/div>\n\t\t\t\t<div class=\"elementor-element elementor-element-1776ccf elementor-widget elementor-widget-spacer\" data-id=\"1776ccf\" data-element_type=\"widget\" data-e-type=\"widget\" data-widget_type=\"spacer.default\">\n\t\t\t\t<div class=\"elementor-widget-container\">\n\t\t\t\t\t\t\t<div class=\"elementor-spacer\">\n\t\t\t<div class=\"elementor-spacer-inner\"><\/div>\n\t\t<\/div>\n\t\t\t\t\t\t<\/div>\n\t\t\t\t<\/div>\n\t\t\t\t<div class=\"elementor-element elementor-element-03ce9cd elementor-widget elementor-widget-heading\" data-id=\"03ce9cd\" data-element_type=\"widget\" data-e-type=\"widget\" data-widget_type=\"heading.default\">\n\t\t\t\t<div class=\"elementor-widget-container\">\n\t\t\t\t\t<h4 class=\"elementor-heading-title elementor-size-default\">Obrazi projekta<\/h4>\t\t\t\t<\/div>\n\t\t\t\t<\/div>\n\t\t\t\t\t<\/div>\n\t\t\t\t<\/div>\n\t\t<div class=\"elementor-element elementor-element-816a766 e-grid e-con-boxed e-con e-parent\" data-id=\"816a766\" data-element_type=\"container\" data-e-type=\"container\" data-settings=\"{&quot;background_background&quot;:&quot;classic&quot;}\">\n\t\t\t\t\t<div class=\"e-con-inner\">\n\t\t<div class=\"elementor-element elementor-element-925673c e-con-full e-flex e-con e-child\" data-id=\"925673c\" data-element_type=\"container\" data-e-type=\"container\" data-settings=\"{&quot;background_background&quot;:&quot;classic&quot;}\">\n\t\t<div class=\"elementor-element elementor-element-34970c4 e-con-full e-flex e-con e-child\" data-id=\"34970c4\" data-element_type=\"container\" data-e-type=\"container\">\n\t\t\t\t<div class=\"elementor-element elementor-element-ac8eea1 elementor-widget elementor-widget-image\" data-id=\"ac8eea1\" data-element_type=\"widget\" data-e-type=\"widget\" data-widget_type=\"image.default\">\n\t\t\t\t<div class=\"elementor-widget-container\">\n\t\t\t\t\t\t\t\t\t\t\t\t\t\t\t<img decoding=\"async\" width=\"800\" height=\"800\" src=\"https:\/\/damet-edu.eu\/wp-content\/uploads\/2025\/12\/Marilena_Crugliano_800x800.jpg\" class=\"attachment-large size-large wp-image-1173\" alt=\"\" srcset=\"https:\/\/damet-edu.eu\/wp-content\/uploads\/2025\/12\/Marilena_Crugliano_800x800.jpg 800w, https:\/\/damet-edu.eu\/wp-content\/uploads\/2025\/12\/Marilena_Crugliano_800x800-300x300.jpg 300w, https:\/\/damet-edu.eu\/wp-content\/uploads\/2025\/12\/Marilena_Crugliano_800x800-150x150.jpg 150w, https:\/\/damet-edu.eu\/wp-content\/uploads\/2025\/12\/Marilena_Crugliano_800x800-768x768.jpg 768w, https:\/\/damet-edu.eu\/wp-content\/uploads\/2025\/12\/Marilena_Crugliano_800x800-700x700.jpg 700w\" sizes=\"(max-width: 800px) 100vw, 800px\" \/>\t\t\t\t\t\t\t\t\t\t\t\t\t\t\t<\/div>\n\t\t\t\t<\/div>\n\t\t\t\t<\/div>\n\t\t\t\t<div class=\"elementor-element elementor-element-a6432f6 elementor-widget elementor-widget-heading\" data-id=\"a6432f6\" data-element_type=\"widget\" data-e-type=\"widget\" data-widget_type=\"heading.default\">\n\t\t\t\t<div class=\"elementor-widget-container\">\n\t\t\t\t\t<h4 class=\"elementor-heading-title elementor-size-default\">Marilena Crugliano<\/h4>\t\t\t\t<\/div>\n\t\t\t\t<\/div>\n\t\t\t\t<div class=\"elementor-element elementor-element-c7f9576 elementor-icon-list--layout-traditional elementor-list-item-link-full_width elementor-widget elementor-widget-icon-list\" data-id=\"c7f9576\" data-element_type=\"widget\" data-e-type=\"widget\" data-widget_type=\"icon-list.default\">\n\t\t\t\t<div class=\"elementor-widget-container\">\n\t\t\t\t\t\t\t<ul class=\"elementor-icon-list-items\">\n\t\t\t\t\t\t\t<li class=\"elementor-icon-list-item\">\n\t\t\t\t\t\t\t\t\t\t\t<a href=\"mailto:progettazioneeuropea@omnisumbria.it\">\n\n\t\t\t\t\t\t\t\t\t\t\t\t<span class=\"elementor-icon-list-icon\">\n\t\t\t\t\t\t\t<i aria-hidden=\"true\" class=\"fas fa-envelope\"><\/i>\t\t\t\t\t\t<\/span>\n\t\t\t\t\t\t\t\t\t\t<span class=\"elementor-icon-list-text\">progettazioneeuropea@omnisumbria.it<\/span>\n\t\t\t\t\t\t\t\t\t\t\t<\/a>\n\t\t\t\t\t\t\t\t\t<\/li>\n\t\t\t\t\t\t<\/ul>\n\t\t\t\t\t\t<\/div>\n\t\t\t\t<\/div>\n\t\t\t\t<div class=\"elementor-element elementor-element-656c1b6 elementor-widget elementor-widget-button\" data-id=\"656c1b6\" data-element_type=\"widget\" data-e-type=\"widget\" data-widget_type=\"button.default\">\n\t\t\t\t<div class=\"elementor-widget-container\">\n\t\t\t\t\t\t\t\t\t<div class=\"elementor-button-wrapper\">\n\t\t\t\t\t<a class=\"elementor-button elementor-button-link elementor-size-sm\" href=\"#elementor-action%3Aaction%3Dpopup%3Aopen%26settings%3DeyJpZCI6MjAxMywidG9nZ2xlIjpmYWxzZX0%3D\">\n\t\t\t\t\t\t<span class=\"elementor-button-content-wrapper\">\n\t\t\t\t\t\t\t\t\t<span class=\"elementor-button-text\">ve\u010d<\/span>\n\t\t\t\t\t<\/span>\n\t\t\t\t\t<\/a>\n\t\t\t\t<\/div>\n\t\t\t\t\t\t\t\t<\/div>\n\t\t\t\t<\/div>\n\t\t\t\t<\/div>\n\t\t<div class=\"elementor-element elementor-element-45cf1be e-con-full e-flex e-con e-child\" data-id=\"45cf1be\" data-element_type=\"container\" data-e-type=\"container\" data-settings=\"{&quot;background_background&quot;:&quot;classic&quot;}\">\n\t\t<div class=\"elementor-element elementor-element-642af33 e-con-full e-flex e-con e-child\" data-id=\"642af33\" data-element_type=\"container\" data-e-type=\"container\">\n\t\t\t\t<div class=\"elementor-element elementor-element-a44e553 elementor-widget elementor-widget-image\" data-id=\"a44e553\" data-element_type=\"widget\" data-e-type=\"widget\" data-widget_type=\"image.default\">\n\t\t\t\t<div class=\"elementor-widget-container\">\n\t\t\t\t\t\t\t\t\t\t\t\t\t\t\t<img decoding=\"async\" width=\"800\" height=\"800\" src=\"https:\/\/damet-edu.eu\/wp-content\/uploads\/2025\/12\/kounas_800x800.jpg\" class=\"attachment-large size-large wp-image-1168\" alt=\"\" srcset=\"https:\/\/damet-edu.eu\/wp-content\/uploads\/2025\/12\/kounas_800x800.jpg 800w, https:\/\/damet-edu.eu\/wp-content\/uploads\/2025\/12\/kounas_800x800-300x300.jpg 300w, https:\/\/damet-edu.eu\/wp-content\/uploads\/2025\/12\/kounas_800x800-150x150.jpg 150w, https:\/\/damet-edu.eu\/wp-content\/uploads\/2025\/12\/kounas_800x800-768x768.jpg 768w, https:\/\/damet-edu.eu\/wp-content\/uploads\/2025\/12\/kounas_800x800-700x700.jpg 700w\" sizes=\"(max-width: 800px) 100vw, 800px\" \/>\t\t\t\t\t\t\t\t\t\t\t\t\t\t\t<\/div>\n\t\t\t\t<\/div>\n\t\t\t\t<\/div>\n\t\t\t\t<div class=\"elementor-element elementor-element-d164df2 elementor-widget elementor-widget-heading\" data-id=\"d164df2\" data-element_type=\"widget\" data-e-type=\"widget\" data-widget_type=\"heading.default\">\n\t\t\t\t<div class=\"elementor-widget-container\">\n\t\t\t\t\t<h4 class=\"elementor-heading-title elementor-size-default\">Constantino Kounas<\/h4>\t\t\t\t<\/div>\n\t\t\t\t<\/div>\n\t\t\t\t<div class=\"elementor-element elementor-element-f82b511 elementor-icon-list--layout-traditional elementor-list-item-link-full_width elementor-widget elementor-widget-icon-list\" data-id=\"f82b511\" data-element_type=\"widget\" data-e-type=\"widget\" data-widget_type=\"icon-list.default\">\n\t\t\t\t<div class=\"elementor-widget-container\">\n\t\t\t\t\t\t\t<ul class=\"elementor-icon-list-items\">\n\t\t\t\t\t\t\t<li class=\"elementor-icon-list-item\">\n\t\t\t\t\t\t\t\t\t\t\t<a href=\"mailto:kounas@gmail.com\">\n\n\t\t\t\t\t\t\t\t\t\t\t\t<span class=\"elementor-icon-list-icon\">\n\t\t\t\t\t\t\t<i aria-hidden=\"true\" class=\"fas fa-envelope\"><\/i>\t\t\t\t\t\t<\/span>\n\t\t\t\t\t\t\t\t\t\t<span class=\"elementor-icon-list-text\">kounas@gmail.com<\/span>\n\t\t\t\t\t\t\t\t\t\t\t<\/a>\n\t\t\t\t\t\t\t\t\t<\/li>\n\t\t\t\t\t\t<\/ul>\n\t\t\t\t\t\t<\/div>\n\t\t\t\t<\/div>\n\t\t\t\t<div class=\"elementor-element elementor-element-91f6977 elementor-widget elementor-widget-button\" data-id=\"91f6977\" data-element_type=\"widget\" data-e-type=\"widget\" data-widget_type=\"button.default\">\n\t\t\t\t<div class=\"elementor-widget-container\">\n\t\t\t\t\t\t\t\t\t<div class=\"elementor-button-wrapper\">\n\t\t\t\t\t<a class=\"elementor-button elementor-button-link elementor-size-sm\" href=\"#elementor-action%3Aaction%3Dpopup%3Aopen%26settings%3DeyJpZCI6MjAxNSwidG9nZ2xlIjpmYWxzZX0%3D\">\n\t\t\t\t\t\t<span class=\"elementor-button-content-wrapper\">\n\t\t\t\t\t\t\t\t\t<span class=\"elementor-button-text\">ve\u010d<\/span>\n\t\t\t\t\t<\/span>\n\t\t\t\t\t<\/a>\n\t\t\t\t<\/div>\n\t\t\t\t\t\t\t\t<\/div>\n\t\t\t\t<\/div>\n\t\t\t\t<\/div>\n\t\t<div class=\"elementor-element elementor-element-f6149c8 e-con-full e-flex e-con e-child\" data-id=\"f6149c8\" data-element_type=\"container\" data-e-type=\"container\" data-settings=\"{&quot;background_background&quot;:&quot;classic&quot;}\">\n\t\t<div class=\"elementor-element elementor-element-782f02c e-con-full e-flex e-con e-child\" data-id=\"782f02c\" data-element_type=\"container\" data-e-type=\"container\">\n\t\t\t\t<div class=\"elementor-element elementor-element-2323e15 elementor-widget elementor-widget-image\" data-id=\"2323e15\" data-element_type=\"widget\" data-e-type=\"widget\" data-widget_type=\"image.default\">\n\t\t\t\t<div class=\"elementor-widget-container\">\n\t\t\t\t\t\t\t\t\t\t\t\t\t\t\t<img loading=\"lazy\" decoding=\"async\" width=\"800\" height=\"800\" src=\"https:\/\/damet-edu.eu\/wp-content\/uploads\/2025\/12\/Enrica-Sgoluppi_800x800.jpg\" class=\"attachment-large size-large wp-image-1163\" alt=\"\" srcset=\"https:\/\/damet-edu.eu\/wp-content\/uploads\/2025\/12\/Enrica-Sgoluppi_800x800.jpg 800w, https:\/\/damet-edu.eu\/wp-content\/uploads\/2025\/12\/Enrica-Sgoluppi_800x800-300x300.jpg 300w, https:\/\/damet-edu.eu\/wp-content\/uploads\/2025\/12\/Enrica-Sgoluppi_800x800-150x150.jpg 150w, https:\/\/damet-edu.eu\/wp-content\/uploads\/2025\/12\/Enrica-Sgoluppi_800x800-768x768.jpg 768w, https:\/\/damet-edu.eu\/wp-content\/uploads\/2025\/12\/Enrica-Sgoluppi_800x800-700x700.jpg 700w\" sizes=\"(max-width: 800px) 100vw, 800px\" \/>\t\t\t\t\t\t\t\t\t\t\t\t\t\t\t<\/div>\n\t\t\t\t<\/div>\n\t\t\t\t<\/div>\n\t\t\t\t<div class=\"elementor-element elementor-element-2206a2f elementor-widget elementor-widget-heading\" data-id=\"2206a2f\" data-element_type=\"widget\" data-e-type=\"widget\" data-widget_type=\"heading.default\">\n\t\t\t\t<div class=\"elementor-widget-container\">\n\t\t\t\t\t<h4 class=\"elementor-heading-title elementor-size-default\">Enrica Sgoluppi<\/h4>\t\t\t\t<\/div>\n\t\t\t\t<\/div>\n\t\t\t\t<div class=\"elementor-element elementor-element-8b548f1 elementor-icon-list--layout-traditional elementor-list-item-link-full_width elementor-widget elementor-widget-icon-list\" data-id=\"8b548f1\" data-element_type=\"widget\" data-e-type=\"widget\" data-widget_type=\"icon-list.default\">\n\t\t\t\t<div class=\"elementor-widget-container\">\n\t\t\t\t\t\t\t<ul class=\"elementor-icon-list-items\">\n\t\t\t\t\t\t\t<li class=\"elementor-icon-list-item\">\n\t\t\t\t\t\t\t\t\t\t\t<a href=\"mailto:amministrazione@omnisumbria.it\">\n\n\t\t\t\t\t\t\t\t\t\t\t\t<span class=\"elementor-icon-list-icon\">\n\t\t\t\t\t\t\t<i aria-hidden=\"true\" class=\"fas fa-envelope\"><\/i>\t\t\t\t\t\t<\/span>\n\t\t\t\t\t\t\t\t\t\t<span class=\"elementor-icon-list-text\">amministrazione@omnisumbria.it<\/span>\n\t\t\t\t\t\t\t\t\t\t\t<\/a>\n\t\t\t\t\t\t\t\t\t<\/li>\n\t\t\t\t\t\t<\/ul>\n\t\t\t\t\t\t<\/div>\n\t\t\t\t<\/div>\n\t\t\t\t<div class=\"elementor-element elementor-element-2ad6930 elementor-widget elementor-widget-button\" data-id=\"2ad6930\" data-element_type=\"widget\" data-e-type=\"widget\" data-widget_type=\"button.default\">\n\t\t\t\t<div class=\"elementor-widget-container\">\n\t\t\t\t\t\t\t\t\t<div class=\"elementor-button-wrapper\">\n\t\t\t\t\t<a class=\"elementor-button elementor-button-link elementor-size-sm\" href=\"#elementor-action%3Aaction%3Dpopup%3Aopen%26settings%3DeyJpZCI6MjAxNywidG9nZ2xlIjpmYWxzZX0%3D\">\n\t\t\t\t\t\t<span class=\"elementor-button-content-wrapper\">\n\t\t\t\t\t\t\t\t\t<span class=\"elementor-button-text\">ve\u010d<\/span>\n\t\t\t\t\t<\/span>\n\t\t\t\t\t<\/a>\n\t\t\t\t<\/div>\n\t\t\t\t\t\t\t\t<\/div>\n\t\t\t\t<\/div>\n\t\t\t\t<\/div>\n\t\t\t\t\t<\/div>\n\t\t\t\t<\/div>\n\t\t<div class=\"elementor-element elementor-element-686bf99 e-flex e-con-boxed e-con e-parent\" data-id=\"686bf99\" data-element_type=\"container\" data-e-type=\"container\" data-settings=\"{&quot;shape_divider_top&quot;:&quot;tilt&quot;}\">\n\t\t\t\t\t<div class=\"e-con-inner\">\n\t\t\t\t<div class=\"elementor-shape elementor-shape-top\" aria-hidden=\"true\" data-negative=\"false\">\n\t\t\t<svg xmlns=\"http:\/\/www.w3.org\/2000\/svg\" viewBox=\"0 0 1000 100\" preserveAspectRatio=\"none\">\n\t<path class=\"elementor-shape-fill\" d=\"M0,6V0h1000v100L0,6z\"\/>\n<\/svg>\t\t<\/div>\n\t\t\t\t<div class=\"elementor-element elementor-element-a02dfb9 elementor-widget elementor-widget-spacer\" data-id=\"a02dfb9\" data-element_type=\"widget\" data-e-type=\"widget\" data-widget_type=\"spacer.default\">\n\t\t\t\t<div class=\"elementor-widget-container\">\n\t\t\t\t\t\t\t<div class=\"elementor-spacer\">\n\t\t\t<div class=\"elementor-spacer-inner\"><\/div>\n\t\t<\/div>\n\t\t\t\t\t\t<\/div>\n\t\t\t\t<\/div>\n\t\t\t\t\t<\/div>\n\t\t\t\t<\/div>\n\t\t\t\t<\/div>\n\t\t","protected":false},"excerpt":{"rendered":"<p>OMNIS | Italija OMNIS je organizacija, specializirana za poklicno izobra\u017eevanje in usposabljanje, s poudarkom na izobra\u017eevanju odraslih in razvoju programov, usmerjenih v trg dela. Organizacija oblikuje in izvaja programe usposabljanja, ki temeljijo na inovativnih metodah pou\u010devanja, ki zdru\u017eujejo teoreti\u010dno u\u010denje s prakti\u010dno uporabo, kar udele\u017eencem omogo\u010da pridobivanje znanj, ki so neposredno uporabna v dana\u0161njem delovnem [&hellip;]<\/p>\n","protected":false},"author":3,"featured_media":1113,"parent":1979,"menu_order":0,"comment_status":"closed","ping_status":"closed","template":"","meta":{"footnotes":""},"class_list":["post-1999","page","type-page","status-publish","has-post-thumbnail","hentry"],"_links":{"self":[{"href":"https:\/\/damet-edu.eu\/sl\/wp-json\/wp\/v2\/pages\/1999","targetHints":{"allow":["GET"]}}],"collection":[{"href":"https:\/\/damet-edu.eu\/sl\/wp-json\/wp\/v2\/pages"}],"about":[{"href":"https:\/\/damet-edu.eu\/sl\/wp-json\/wp\/v2\/types\/page"}],"author":[{"embeddable":true,"href":"https:\/\/damet-edu.eu\/sl\/wp-json\/wp\/v2\/users\/3"}],"replies":[{"embeddable":true,"href":"https:\/\/damet-edu.eu\/sl\/wp-json\/wp\/v2\/comments?post=1999"}],"version-history":[{"count":7,"href":"https:\/\/damet-edu.eu\/sl\/wp-json\/wp\/v2\/pages\/1999\/revisions"}],"predecessor-version":[{"id":2516,"href":"https:\/\/damet-edu.eu\/sl\/wp-json\/wp\/v2\/pages\/1999\/revisions\/2516"}],"up":[{"embeddable":true,"href":"https:\/\/damet-edu.eu\/sl\/wp-json\/wp\/v2\/pages\/1979"}],"wp:featuredmedia":[{"embeddable":true,"href":"https:\/\/damet-edu.eu\/sl\/wp-json\/wp\/v2\/media\/1113"}],"wp:attachment":[{"href":"https:\/\/damet-edu.eu\/sl\/wp-json\/wp\/v2\/media?parent=1999"}],"curies":[{"name":"wp","href":"https:\/\/api.w.org\/{rel}","templated":true}]}}